{"id":22,"date":"2020-04-14T11:13:57","date_gmt":"2020-04-14T11:13:57","guid":{"rendered":"http:\/\/marydesign.de\/?page_id=22"},"modified":"2020-04-14T18:26:48","modified_gmt":"2020-04-14T18:26:48","slug":"rucksaecke","status":"publish","type":"page","link":"https:\/\/marydesign.de\/?page_id=22","title":{"rendered":"Rucks\u00e4cke"},"content":{"rendered":"\t\t<div data-elementor-type=\"wp-page\" data-elementor-id=\"22\" class=\"elementor elementor-22\">\n\t\t\t\t\t\t<section class=\"elementor-section elementor-top-section elementor-element elementor-element-cfbca2a elementor-section-boxed elementor-section-height-default elementor-section-height-default\" data-id=\"cfbca2a\" data-element_type=\"section\">\n\t\t\t\t\t\t<div class=\"elementor-container elementor-column-gap-default\">\n\t\t\t\t\t<div class=\"elementor-column elementor-col-100 elementor-top-column elementor-element elementor-element-0f73591\" data-id=\"0f73591\" data-element_type=\"column\">\n\t\t\t<div class=\"elementor-widget-wrap elementor-element-populated\">\n\t\t\t\t\t\t<div class=\"elementor-element elementor-element-56217f2 elementor-widget elementor-widget-text-editor\" data-id=\"56217f2\" data-element_type=\"widget\" data-widget_type=\"text-editor.default\">\n\t\t\t\t<div class=\"elementor-widget-container\">\n\t\t\t\t\t\t\t\t\t<p><strong>Rucksack aus Kunstleder<\/strong><\/p><ul><li>Ma\u00dfe: B28xh37xt8<\/li><li>2 Farbiger Rucksack (oder auch mehr)<\/li><li>praktische Au\u00dfentasche f\u00fcr Smartphone<\/li><li>eine Innentasche f\u00fcr Wertsachen<\/li><li>R\u00fcckenteil gepolstert<\/li><li>Schultergurte gepolstert und individuell einstellbar<\/li><li>Preis 48 \u20ac<\/li><\/ul><div><a href=\"http:\/\/marydesign.de\/?page_id=62\"><strong>Alle zur Verf\u00fcgung stehenden Farben k\u00f6nnen Sie hier einsehen!<\/strong><\/a><\/div>\t\t\t\t\t\t\t\t<\/div>\n\t\t\t\t<\/div>\n\t\t\t\t\t<\/div>\n\t\t<\/div>\n\t\t\t\t\t<\/div>\n\t\t<\/section>\n\t\t\t\t<section class=\"elementor-section elementor-top-section elementor-element elementor-element-74caba5 elementor-section-boxed elementor-section-height-default elementor-section-height-default\" data-id=\"74caba5\" data-element_type=\"section\">\n\t\t\t\t\t\t<div class=\"elementor-container elementor-column-gap-default\">\n\t\t\t\t\t<div class=\"elementor-column elementor-col-33 elementor-top-column elementor-element elementor-element-598b10f\" data-id=\"598b10f\" data-element_type=\"column\">\n\t\t\t<div class=\"elementor-widget-wrap elementor-element-populated\">\n\t\t\t\t\t\t<div class=\"elementor-element elementor-element-1c23dd7 elementor-widget elementor-widget-image\" data-id=\"1c23dd7\" data-element_type=\"widget\" data-widget_type=\"image.default\">\n\t\t\t\t<div class=\"elementor-widget-container\">\n\t\t\t\t\t\t\t\t\t\t\t\t\t\t\t<img fetchpriority=\"high\" decoding=\"async\" width=\"768\" height=\"1024\" src=\"https:\/\/marydesign.de\/wp-content\/uploads\/2020\/04\/rucksack01-768x1024.jpg\" class=\"attachment-large size-large wp-image-145\" alt=\"\" srcset=\"https:\/\/marydesign.de\/wp-content\/uploads\/2020\/04\/rucksack01-768x1024.jpg 768w, https:\/\/marydesign.de\/wp-content\/uploads\/2020\/04\/rucksack01-225x300.jpg 225w, https:\/\/marydesign.de\/wp-content\/uploads\/2020\/04\/rucksack01-1152x1536.jpg 1152w, https:\/\/marydesign.de\/wp-content\/uploads\/2020\/04\/rucksack01.jpg 1200w\" sizes=\"(max-width: 768px) 100vw, 768px\" \/>\t\t\t\t\t\t\t\t\t\t\t\t\t\t\t<\/div>\n\t\t\t\t<\/div>\n\t\t\t\t\t<\/div>\n\t\t<\/div>\n\t\t\t\t<div class=\"elementor-column elementor-col-33 elementor-top-column elementor-element elementor-element-5a8b6ce\" data-id=\"5a8b6ce\" data-element_type=\"column\">\n\t\t\t<div class=\"elementor-widget-wrap elementor-element-populated\">\n\t\t\t\t\t\t<div class=\"elementor-element elementor-element-6af7793 elementor-widget elementor-widget-image\" data-id=\"6af7793\" data-element_type=\"widget\" data-widget_type=\"image.default\">\n\t\t\t\t<div class=\"elementor-widget-container\">\n\t\t\t\t\t\t\t\t\t\t\t\t\t\t\t<img decoding=\"async\" width=\"768\" height=\"1024\" src=\"https:\/\/marydesign.de\/wp-content\/uploads\/2020\/04\/rucksack02-768x1024.jpg\" class=\"attachment-large size-large wp-image-146\" alt=\"\" srcset=\"https:\/\/marydesign.de\/wp-content\/uploads\/2020\/04\/rucksack02-768x1024.jpg 768w, https:\/\/marydesign.de\/wp-content\/uploads\/2020\/04\/rucksack02-225x300.jpg 225w, https:\/\/marydesign.de\/wp-content\/uploads\/2020\/04\/rucksack02-1152x1536.jpg 1152w, https:\/\/marydesign.de\/wp-content\/uploads\/2020\/04\/rucksack02.jpg 1200w\" sizes=\"(max-width: 768px) 100vw, 768px\" \/>\t\t\t\t\t\t\t\t\t\t\t\t\t\t\t<\/div>\n\t\t\t\t<\/div>\n\t\t\t\t\t<\/div>\n\t\t<\/div>\n\t\t\t\t<div class=\"elementor-column elementor-col-33 elementor-top-column elementor-element elementor-element-fd0da7f\" data-id=\"fd0da7f\" data-element_type=\"column\">\n\t\t\t<div class=\"elementor-widget-wrap elementor-element-populated\">\n\t\t\t\t\t\t<div class=\"elementor-element elementor-element-27d2102 elementor-widget elementor-widget-image\" data-id=\"27d2102\" data-element_type=\"widget\" data-widget_type=\"image.default\">\n\t\t\t\t<div class=\"elementor-widget-container\">\n\t\t\t\t\t\t\t\t\t\t\t\t\t\t\t<img decoding=\"async\" width=\"1024\" height=\"768\" src=\"https:\/\/marydesign.de\/wp-content\/uploads\/2020\/04\/rucksack03-1024x768.jpg\" class=\"attachment-large size-large wp-image-147\" alt=\"\" srcset=\"https:\/\/marydesign.de\/wp-content\/uploads\/2020\/04\/rucksack03-1024x768.jpg 1024w, https:\/\/marydesign.de\/wp-content\/uploads\/2020\/04\/rucksack03-300x225.jpg 300w, https:\/\/marydesign.de\/wp-content\/uploads\/2020\/04\/rucksack03-768x576.jpg 768w, https:\/\/marydesign.de\/wp-content\/uploads\/2020\/04\/rucksack03-1536x1152.jpg 1536w, https:\/\/marydesign.de\/wp-content\/uploads\/2020\/04\/rucksack03.jpg 1600w\" sizes=\"(max-width: 1024px) 100vw, 1024px\" \/>\t\t\t\t\t\t\t\t\t\t\t\t\t\t\t<\/div>\n\t\t\t\t<\/div>\n\t\t\t\t\t<\/div>\n\t\t<\/div>\n\t\t\t\t\t<\/div>\n\t\t<\/section>\n\t\t\t\t<section class=\"elementor-section elementor-top-section elementor-element elementor-element-2fa3308 elementor-section-boxed elementor-section-height-default elementor-section-height-default\" data-id=\"2fa3308\" data-element_type=\"section\">\n\t\t\t\t\t\t<div class=\"elementor-container elementor-column-gap-default\">\n\t\t\t\t\t<div class=\"elementor-column elementor-col-33 elementor-top-column elementor-element elementor-element-7725500\" data-id=\"7725500\" data-element_type=\"column\">\n\t\t\t<div class=\"elementor-widget-wrap elementor-element-populated\">\n\t\t\t\t\t\t<div class=\"elementor-element elementor-element-0105d68 elementor-widget elementor-widget-image\" data-id=\"0105d68\" data-element_type=\"widget\" data-widget_type=\"image.default\">\n\t\t\t\t<div class=\"elementor-widget-container\">\n\t\t\t\t\t\t\t\t\t\t\t\t\t\t\t<img loading=\"lazy\" decoding=\"async\" width=\"1024\" height=\"768\" src=\"https:\/\/marydesign.de\/wp-content\/uploads\/2020\/04\/rucksack04-1024x768.jpg\" class=\"attachment-large size-large wp-image-148\" alt=\"\" srcset=\"https:\/\/marydesign.de\/wp-content\/uploads\/2020\/04\/rucksack04-1024x768.jpg 1024w, https:\/\/marydesign.de\/wp-content\/uploads\/2020\/04\/rucksack04-300x225.jpg 300w, https:\/\/marydesign.de\/wp-content\/uploads\/2020\/04\/rucksack04-768x576.jpg 768w, https:\/\/marydesign.de\/wp-content\/uploads\/2020\/04\/rucksack04-1536x1152.jpg 1536w, https:\/\/marydesign.de\/wp-content\/uploads\/2020\/04\/rucksack04.jpg 1600w\" sizes=\"(max-width: 1024px) 100vw, 1024px\" \/>\t\t\t\t\t\t\t\t\t\t\t\t\t\t\t<\/div>\n\t\t\t\t<\/div>\n\t\t\t\t\t<\/div>\n\t\t<\/div>\n\t\t\t\t<div class=\"elementor-column elementor-col-33 elementor-top-column elementor-element elementor-element-afada9e\" data-id=\"afada9e\" data-element_type=\"column\">\n\t\t\t<div class=\"elementor-widget-wrap elementor-element-populated\">\n\t\t\t\t\t\t<div class=\"elementor-element elementor-element-0de6d83 elementor-widget elementor-widget-image\" data-id=\"0de6d83\" data-element_type=\"widget\" data-widget_type=\"image.default\">\n\t\t\t\t<div class=\"elementor-widget-container\">\n\t\t\t\t\t\t\t\t\t\t\t\t\t\t\t<img loading=\"lazy\" decoding=\"async\" width=\"1024\" height=\"768\" src=\"https:\/\/marydesign.de\/wp-content\/uploads\/2020\/04\/rucksack05-1024x768.jpg\" class=\"attachment-large size-large wp-image-149\" alt=\"\" srcset=\"https:\/\/marydesign.de\/wp-content\/uploads\/2020\/04\/rucksack05-1024x768.jpg 1024w, https:\/\/marydesign.de\/wp-content\/uploads\/2020\/04\/rucksack05-300x225.jpg 300w, https:\/\/marydesign.de\/wp-content\/uploads\/2020\/04\/rucksack05-768x576.jpg 768w, https:\/\/marydesign.de\/wp-content\/uploads\/2020\/04\/rucksack05-1536x1152.jpg 1536w, https:\/\/marydesign.de\/wp-content\/uploads\/2020\/04\/rucksack05.jpg 1600w\" sizes=\"(max-width: 1024px) 100vw, 1024px\" \/>\t\t\t\t\t\t\t\t\t\t\t\t\t\t\t<\/div>\n\t\t\t\t<\/div>\n\t\t\t\t\t<\/div>\n\t\t<\/div>\n\t\t\t\t<div class=\"elementor-column elementor-col-33 elementor-top-column elementor-element elementor-element-ea3d9a6\" data-id=\"ea3d9a6\" data-element_type=\"column\">\n\t\t\t<div class=\"elementor-widget-wrap\">\n\t\t\t\t\t\t\t<\/div>\n\t\t<\/div>\n\t\t\t\t\t<\/div>\n\t\t<\/section>\n\t\t\t\t<\/div>\n\t\t","protected":false},"excerpt":{"rendered":"<p>Rucksack aus Kunstleder Ma\u00dfe: B28xh37xt8 2 Farbiger Rucksack (oder auch mehr) praktische Au\u00dfentasche f\u00fcr Smartphone eine Innentasche f\u00fcr Wertsachen R\u00fcckenteil gepolstert Schultergurte gepolstert und individuell einstellbar Preis 48 \u20ac Alle zur Verf\u00fcgung stehenden Farben k\u00f6nnen Sie hier einsehen!<\/p>\n","protected":false},"author":1,"featured_media":0,"parent":18,"menu_order":0,"comment_status":"closed","ping_status":"closed","template":"","meta":{"footnotes":""},"class_list":["post-22","page","type-page","status-publish","hentry","entry"],"_links":{"self":[{"href":"https:\/\/marydesign.de\/index.php?rest_route=\/wp\/v2\/pages\/22","targetHints":{"allow":["GET"]}}],"collection":[{"href":"https:\/\/marydesign.de\/index.php?rest_route=\/wp\/v2\/pages"}],"about":[{"href":"https:\/\/marydesign.de\/index.php?rest_route=\/wp\/v2\/types\/page"}],"author":[{"embeddable":true,"href":"https:\/\/marydesign.de\/index.php?rest_route=\/wp\/v2\/users\/1"}],"replies":[{"embeddable":true,"href":"https:\/\/marydesign.de\/index.php?rest_route=%2Fwp%2Fv2%2Fcomments&post=22"}],"version-history":[{"count":6,"href":"https:\/\/marydesign.de\/index.php?rest_route=\/wp\/v2\/pages\/22\/revisions"}],"predecessor-version":[{"id":257,"href":"https:\/\/marydesign.de\/index.php?rest_route=\/wp\/v2\/pages\/22\/revisions\/257"}],"up":[{"embeddable":true,"href":"https:\/\/marydesign.de\/index.php?rest_route=\/wp\/v2\/pages\/18"}],"wp:attachment":[{"href":"https:\/\/marydesign.de\/index.php?rest_route=%2Fwp%2Fv2%2Fmedia&parent=22"}],"curies":[{"name":"wp","href":"https:\/\/api.w.org\/{rel}","templated":true}]}}