{"id":26,"date":"2020-04-14T11:14:43","date_gmt":"2020-04-14T11:14:43","guid":{"rendered":"http:\/\/marydesign.de\/?page_id=26"},"modified":"2020-04-14T19:27:10","modified_gmt":"2020-04-14T19:27:10","slug":"kulturbeutel","status":"publish","type":"page","link":"https:\/\/marydesign.de\/?page_id=26","title":{"rendered":"Kulturbeutel"},"content":{"rendered":"\t\t<div data-elementor-type=\"wp-page\" data-elementor-id=\"26\" class=\"elementor elementor-26\">\n\t\t\t\t\t\t<section class=\"elementor-section elementor-top-section elementor-element elementor-element-a9e2153 elementor-section-boxed elementor-section-height-default elementor-section-height-default\" data-id=\"a9e2153\" data-element_type=\"section\">\n\t\t\t\t\t\t<div class=\"elementor-container elementor-column-gap-default\">\n\t\t\t\t\t<div class=\"elementor-column elementor-col-100 elementor-top-column elementor-element elementor-element-80be0d5\" data-id=\"80be0d5\" data-element_type=\"column\">\n\t\t\t<div class=\"elementor-widget-wrap elementor-element-populated\">\n\t\t\t\t\t\t<div class=\"elementor-element elementor-element-a3cb851 elementor-widget elementor-widget-text-editor\" data-id=\"a3cb851\" data-element_type=\"widget\" data-widget_type=\"text-editor.default\">\n\t\t\t\t<div class=\"elementor-widget-container\">\n\t\t\t\t\t\t\t\t\t<p><strong>Kulturbeutel aus Kunstleder<\/strong><\/p><ul><li>Ma\u00dfe: B24xh13xt8 cm<\/li><li>Farben frei w\u00e4hlbar<\/li><li>innen mit Folie zum auswaschen<\/li><li>Preis 20 \u20ac<\/li><\/ul><div><strong><a href=\"http:\/\/marydesign.de\/?page_id=62\">Alle zur Verf\u00fcgung stehenden Farben k\u00f6nnen Sie hier einsehen!<\/a><\/strong><\/div><div><strong><a href=\"http:\/\/marydesign.de\/?page_id=66\">Sie m\u00f6chten bestellen? Schreiben Sie mir eine E-Mail!<\/a><\/strong><\/div>\t\t\t\t\t\t\t\t<\/div>\n\t\t\t\t<\/div>\n\t\t\t\t\t<\/div>\n\t\t<\/div>\n\t\t\t\t\t<\/div>\n\t\t<\/section>\n\t\t\t\t<section class=\"elementor-section elementor-top-section elementor-element elementor-element-3d54883 elementor-section-boxed elementor-section-height-default elementor-section-height-default\" data-id=\"3d54883\" data-element_type=\"section\">\n\t\t\t\t\t\t<div class=\"elementor-container elementor-column-gap-default\">\n\t\t\t\t\t<div class=\"elementor-column elementor-col-50 elementor-top-column elementor-element elementor-element-1423511\" data-id=\"1423511\" data-element_type=\"column\">\n\t\t\t<div class=\"elementor-widget-wrap elementor-element-populated\">\n\t\t\t\t\t\t<div class=\"elementor-element elementor-element-98d3539 elementor-widget elementor-widget-image\" data-id=\"98d3539\" data-element_type=\"widget\" data-widget_type=\"image.default\">\n\t\t\t\t<div class=\"elementor-widget-container\">\n\t\t\t\t\t\t\t\t\t\t\t\t\t\t\t<img fetchpriority=\"high\" decoding=\"async\" width=\"1024\" height=\"768\" src=\"https:\/\/marydesign.de\/wp-content\/uploads\/2020\/04\/kulturbeutel01-1024x768.jpg\" class=\"attachment-large size-large wp-image-165\" alt=\"\" srcset=\"https:\/\/marydesign.de\/wp-content\/uploads\/2020\/04\/kulturbeutel01-1024x768.jpg 1024w, https:\/\/marydesign.de\/wp-content\/uploads\/2020\/04\/kulturbeutel01-300x225.jpg 300w, https:\/\/marydesign.de\/wp-content\/uploads\/2020\/04\/kulturbeutel01-768x576.jpg 768w, https:\/\/marydesign.de\/wp-content\/uploads\/2020\/04\/kulturbeutel01-1536x1152.jpg 1536w, https:\/\/marydesign.de\/wp-content\/uploads\/2020\/04\/kulturbeutel01.jpg 1600w\" sizes=\"(max-width: 1024px) 100vw, 1024px\" \/>\t\t\t\t\t\t\t\t\t\t\t\t\t\t\t<\/div>\n\t\t\t\t<\/div>\n\t\t\t\t\t<\/div>\n\t\t<\/div>\n\t\t\t\t<div class=\"elementor-column elementor-col-50 elementor-top-column elementor-element elementor-element-46bc80d\" data-id=\"46bc80d\" data-element_type=\"column\">\n\t\t\t<div class=\"elementor-widget-wrap elementor-element-populated\">\n\t\t\t\t\t\t<div class=\"elementor-element elementor-element-944a599 elementor-widget elementor-widget-image\" data-id=\"944a599\" data-element_type=\"widget\" data-widget_type=\"image.default\">\n\t\t\t\t<div class=\"elementor-widget-container\">\n\t\t\t\t\t\t\t\t\t\t\t\t\t\t\t<img decoding=\"async\" width=\"1024\" height=\"768\" src=\"https:\/\/marydesign.de\/wp-content\/uploads\/2020\/04\/kulturbeutel02-1024x768.jpg\" class=\"attachment-large size-large wp-image-166\" alt=\"\" srcset=\"https:\/\/marydesign.de\/wp-content\/uploads\/2020\/04\/kulturbeutel02-1024x768.jpg 1024w, https:\/\/marydesign.de\/wp-content\/uploads\/2020\/04\/kulturbeutel02-300x225.jpg 300w, https:\/\/marydesign.de\/wp-content\/uploads\/2020\/04\/kulturbeutel02-768x576.jpg 768w, https:\/\/marydesign.de\/wp-content\/uploads\/2020\/04\/kulturbeutel02-1536x1152.jpg 1536w, https:\/\/marydesign.de\/wp-content\/uploads\/2020\/04\/kulturbeutel02-rotated.jpg 1600w\" sizes=\"(max-width: 1024px) 100vw, 1024px\" \/>\t\t\t\t\t\t\t\t\t\t\t\t\t\t\t<\/div>\n\t\t\t\t<\/div>\n\t\t\t\t\t<\/div>\n\t\t<\/div>\n\t\t\t\t\t<\/div>\n\t\t<\/section>\n\t\t\t\t<section class=\"elementor-section elementor-top-section elementor-element elementor-element-4791489 elementor-section-boxed elementor-section-height-default elementor-section-height-default\" data-id=\"4791489\" data-element_type=\"section\">\n\t\t\t\t\t\t<div class=\"elementor-container elementor-column-gap-default\">\n\t\t\t\t\t<div class=\"elementor-column elementor-col-50 elementor-top-column elementor-element elementor-element-0b84a59\" data-id=\"0b84a59\" data-element_type=\"column\">\n\t\t\t<div class=\"elementor-widget-wrap elementor-element-populated\">\n\t\t\t\t\t\t<div class=\"elementor-element elementor-element-779e048 elementor-widget elementor-widget-image\" data-id=\"779e048\" data-element_type=\"widget\" data-widget_type=\"image.default\">\n\t\t\t\t<div class=\"elementor-widget-container\">\n\t\t\t\t\t\t\t\t\t\t\t\t\t\t\t<img decoding=\"async\" width=\"1024\" height=\"768\" src=\"https:\/\/marydesign.de\/wp-content\/uploads\/2020\/04\/kulturbeutel03-1024x768.jpg\" class=\"attachment-large size-large wp-image-167\" alt=\"\" srcset=\"https:\/\/marydesign.de\/wp-content\/uploads\/2020\/04\/kulturbeutel03-1024x768.jpg 1024w, https:\/\/marydesign.de\/wp-content\/uploads\/2020\/04\/kulturbeutel03-300x225.jpg 300w, https:\/\/marydesign.de\/wp-content\/uploads\/2020\/04\/kulturbeutel03-768x576.jpg 768w, https:\/\/marydesign.de\/wp-content\/uploads\/2020\/04\/kulturbeutel03-1536x1152.jpg 1536w, https:\/\/marydesign.de\/wp-content\/uploads\/2020\/04\/kulturbeutel03.jpg 1600w\" sizes=\"(max-width: 1024px) 100vw, 1024px\" \/>\t\t\t\t\t\t\t\t\t\t\t\t\t\t\t<\/div>\n\t\t\t\t<\/div>\n\t\t\t\t\t<\/div>\n\t\t<\/div>\n\t\t\t\t<div class=\"elementor-column elementor-col-50 elementor-top-column elementor-element elementor-element-3f174ee\" data-id=\"3f174ee\" data-element_type=\"column\">\n\t\t\t<div class=\"elementor-widget-wrap elementor-element-populated\">\n\t\t\t\t\t\t<div class=\"elementor-element elementor-element-941b0a9 elementor-widget elementor-widget-image\" data-id=\"941b0a9\" data-element_type=\"widget\" data-widget_type=\"image.default\">\n\t\t\t\t<div class=\"elementor-widget-container\">\n\t\t\t\t\t\t\t\t\t\t\t\t\t\t\t<img loading=\"lazy\" decoding=\"async\" width=\"1024\" height=\"768\" src=\"https:\/\/marydesign.de\/wp-content\/uploads\/2020\/04\/kulturbeutel04-1024x768.jpg\" class=\"attachment-large size-large wp-image-168\" alt=\"\" srcset=\"https:\/\/marydesign.de\/wp-content\/uploads\/2020\/04\/kulturbeutel04-1024x768.jpg 1024w, https:\/\/marydesign.de\/wp-content\/uploads\/2020\/04\/kulturbeutel04-300x225.jpg 300w, https:\/\/marydesign.de\/wp-content\/uploads\/2020\/04\/kulturbeutel04-768x576.jpg 768w, https:\/\/marydesign.de\/wp-content\/uploads\/2020\/04\/kulturbeutel04-1536x1152.jpg 1536w, https:\/\/marydesign.de\/wp-content\/uploads\/2020\/04\/kulturbeutel04.jpg 1600w\" sizes=\"(max-width: 1024px) 100vw, 1024px\" \/>\t\t\t\t\t\t\t\t\t\t\t\t\t\t\t<\/div>\n\t\t\t\t<\/div>\n\t\t\t\t\t<\/div>\n\t\t<\/div>\n\t\t\t\t\t<\/div>\n\t\t<\/section>\n\t\t\t\t<section class=\"elementor-section elementor-top-section elementor-element elementor-element-65972f6 elementor-section-boxed elementor-section-height-default elementor-section-height-default\" data-id=\"65972f6\" data-element_type=\"section\">\n\t\t\t\t\t\t<div class=\"elementor-container elementor-column-gap-default\">\n\t\t\t\t\t<div class=\"elementor-column elementor-col-50 elementor-top-column elementor-element elementor-element-88c61e5\" data-id=\"88c61e5\" data-element_type=\"column\">\n\t\t\t<div class=\"elementor-widget-wrap elementor-element-populated\">\n\t\t\t\t\t\t<div class=\"elementor-element elementor-element-c6322ec elementor-widget elementor-widget-image\" data-id=\"c6322ec\" data-element_type=\"widget\" data-widget_type=\"image.default\">\n\t\t\t\t<div class=\"elementor-widget-container\">\n\t\t\t\t\t\t\t\t\t\t\t\t\t\t\t<img loading=\"lazy\" decoding=\"async\" width=\"1024\" height=\"768\" src=\"https:\/\/marydesign.de\/wp-content\/uploads\/2020\/04\/kulturbeutel05-1024x768.jpg\" class=\"attachment-large size-large wp-image-169\" alt=\"\" srcset=\"https:\/\/marydesign.de\/wp-content\/uploads\/2020\/04\/kulturbeutel05-1024x768.jpg 1024w, https:\/\/marydesign.de\/wp-content\/uploads\/2020\/04\/kulturbeutel05-300x225.jpg 300w, https:\/\/marydesign.de\/wp-content\/uploads\/2020\/04\/kulturbeutel05-768x576.jpg 768w, https:\/\/marydesign.de\/wp-content\/uploads\/2020\/04\/kulturbeutel05-1536x1152.jpg 1536w, https:\/\/marydesign.de\/wp-content\/uploads\/2020\/04\/kulturbeutel05.jpg 1600w\" sizes=\"(max-width: 1024px) 100vw, 1024px\" \/>\t\t\t\t\t\t\t\t\t\t\t\t\t\t\t<\/div>\n\t\t\t\t<\/div>\n\t\t\t\t\t<\/div>\n\t\t<\/div>\n\t\t\t\t<div class=\"elementor-column elementor-col-50 elementor-top-column elementor-element elementor-element-2e03f18\" data-id=\"2e03f18\" data-element_type=\"column\">\n\t\t\t<div class=\"elementor-widget-wrap elementor-element-populated\">\n\t\t\t\t\t\t<div class=\"elementor-element elementor-element-e63ddd1 elementor-widget elementor-widget-image\" data-id=\"e63ddd1\" data-element_type=\"widget\" data-widget_type=\"image.default\">\n\t\t\t\t<div class=\"elementor-widget-container\">\n\t\t\t\t\t\t\t\t\t\t\t\t\t\t\t<img loading=\"lazy\" decoding=\"async\" width=\"1024\" height=\"768\" src=\"https:\/\/marydesign.de\/wp-content\/uploads\/2020\/04\/kulturbeutel06-1024x768.jpg\" class=\"attachment-large size-large wp-image-170\" alt=\"\" srcset=\"https:\/\/marydesign.de\/wp-content\/uploads\/2020\/04\/kulturbeutel06-1024x768.jpg 1024w, https:\/\/marydesign.de\/wp-content\/uploads\/2020\/04\/kulturbeutel06-300x225.jpg 300w, https:\/\/marydesign.de\/wp-content\/uploads\/2020\/04\/kulturbeutel06-768x576.jpg 768w, https:\/\/marydesign.de\/wp-content\/uploads\/2020\/04\/kulturbeutel06-1536x1152.jpg 1536w, https:\/\/marydesign.de\/wp-content\/uploads\/2020\/04\/kulturbeutel06.jpg 1600w\" sizes=\"(max-width: 1024px) 100vw, 1024px\" \/>\t\t\t\t\t\t\t\t\t\t\t\t\t\t\t<\/div>\n\t\t\t\t<\/div>\n\t\t\t\t\t<\/div>\n\t\t<\/div>\n\t\t\t\t\t<\/div>\n\t\t<\/section>\n\t\t\t\t<\/div>\n\t\t","protected":false},"excerpt":{"rendered":"<p>Kulturbeutel aus Kunstleder Ma\u00dfe: B24xh13xt8 cm Farben frei w\u00e4hlbar innen mit Folie zum auswaschen Preis 20 \u20ac Alle zur Verf\u00fcgung stehenden Farben k\u00f6nnen Sie hier einsehen!Sie m\u00f6chten bestellen? Schreiben Sie mir eine E-Mail!<\/p>\n","protected":false},"author":1,"featured_media":0,"parent":18,"menu_order":0,"comment_status":"closed","ping_status":"closed","template":"","meta":{"footnotes":""},"class_list":["post-26","page","type-page","status-publish","hentry","entry"],"_links":{"self":[{"href":"https:\/\/marydesign.de\/index.php?rest_route=\/wp\/v2\/pages\/26","targetHints":{"allow":["GET"]}}],"collection":[{"href":"https:\/\/marydesign.de\/index.php?rest_route=\/wp\/v2\/pages"}],"about":[{"href":"https:\/\/marydesign.de\/index.php?rest_route=\/wp\/v2\/types\/page"}],"author":[{"embeddable":true,"href":"https:\/\/marydesign.de\/index.php?rest_route=\/wp\/v2\/users\/1"}],"replies":[{"embeddable":true,"href":"https:\/\/marydesign.de\/index.php?rest_route=%2Fwp%2Fv2%2Fcomments&post=26"}],"version-history":[{"count":6,"href":"https:\/\/marydesign.de\/index.php?rest_route=\/wp\/v2\/pages\/26\/revisions"}],"predecessor-version":[{"id":263,"href":"https:\/\/marydesign.de\/index.php?rest_route=\/wp\/v2\/pages\/26\/revisions\/263"}],"up":[{"embeddable":true,"href":"https:\/\/marydesign.de\/index.php?rest_route=\/wp\/v2\/pages\/18"}],"wp:attachment":[{"href":"https:\/\/marydesign.de\/index.php?rest_route=%2Fwp%2Fv2%2Fmedia&parent=26"}],"curies":[{"name":"wp","href":"https:\/\/api.w.org\/{rel}","templated":true}]}}