{"id":294,"date":"2020-04-26T12:49:27","date_gmt":"2020-04-26T12:49:27","guid":{"rendered":"https:\/\/marydesign.de\/?page_id=294"},"modified":"2020-04-27T14:29:38","modified_gmt":"2020-04-27T14:29:38","slug":"mundschutz","status":"publish","type":"page","link":"https:\/\/marydesign.de\/?page_id=294","title":{"rendered":"Mund- und Nasenmasken"},"content":{"rendered":"\t\t<div data-elementor-type=\"wp-page\" data-elementor-id=\"294\" class=\"elementor elementor-294\">\n\t\t\t\t\t\t<section class=\"elementor-section elementor-top-section elementor-element elementor-element-73f93d2 elementor-section-boxed elementor-section-height-default elementor-section-height-default\" data-id=\"73f93d2\" data-element_type=\"section\">\n\t\t\t\t\t\t<div class=\"elementor-container elementor-column-gap-default\">\n\t\t\t\t\t<div class=\"elementor-column elementor-col-100 elementor-top-column elementor-element elementor-element-330c5d7\" data-id=\"330c5d7\" data-element_type=\"column\">\n\t\t\t<div class=\"elementor-widget-wrap elementor-element-populated\">\n\t\t\t\t\t\t<div class=\"elementor-element elementor-element-c4bd1dd elementor-widget elementor-widget-heading\" data-id=\"c4bd1dd\" data-element_type=\"widget\" data-widget_type=\"heading.default\">\n\t\t\t\t<div class=\"elementor-widget-container\">\n\t\t\t\t\t<h2 class=\"elementor-heading-title elementor-size-default\">Anmerkung zu den Mund- und Nasenmasken<\/h2>\t\t\t\t<\/div>\n\t\t\t\t<\/div>\n\t\t\t\t<div class=\"elementor-element elementor-element-ef97e17 elementor-widget elementor-widget-text-editor\" data-id=\"ef97e17\" data-element_type=\"widget\" data-widget_type=\"text-editor.default\">\n\t\t\t\t<div class=\"elementor-widget-container\">\n\t\t\t\t\t\t\t\t\t<p>Diese Masken sind aus <strong>herk\u00f6mmlichem Stoff<\/strong> gen\u00e4ht und k\u00f6nnen im <strong>Alltag<\/strong> getragen werden. <br \/>Sie <strong>gen\u00fcgen nicht f\u00fcr den Medizinischen Mund-Nasen-Schutz<\/strong> oder f\u00fcr <strong>pers\u00f6nliche Schutzausr\u00fcstungen<\/strong> wie Filtrierende Halbmasken.<\/p><p><span style=\"text-decoration: underline;\"><em>Es handelt sich bei diesen Mund- und Nasenmasken also weder um ein Medizinprodukt noch um eine Schutzausr\u00fcstung!<\/em><\/span><\/p>\t\t\t\t\t\t\t\t<\/div>\n\t\t\t\t<\/div>\n\t\t\t\t<div class=\"elementor-element elementor-element-8fc6cb9 elementor-widget elementor-widget-heading\" data-id=\"8fc6cb9\" data-element_type=\"widget\" data-widget_type=\"heading.default\">\n\t\t\t\t<div class=\"elementor-widget-container\">\n\t\t\t\t\t<h2 class=\"elementor-heading-title elementor-size-default\">Mund-und Nasenmaske (Erwachsene)<\/h2>\t\t\t\t<\/div>\n\t\t\t\t<\/div>\n\t\t\t\t<div class=\"elementor-element elementor-element-f2d6ba9 elementor-widget elementor-widget-text-editor\" data-id=\"f2d6ba9\" data-element_type=\"widget\" data-widget_type=\"text-editor.default\">\n\t\t\t\t<div class=\"elementor-widget-container\">\n\t\t\t\t\t\t\t\t\t<ul><li>2 lange Gummis, um sie hinter dem Kopf zu befestigen.<\/li><li>Bei Bedarf Gummi durchschneiden, Knoten und hinter die Ohren ziehen.<\/li><li>5 \u20ac pro St\u00fcck<\/li><li>Versand m\u00f6glich.<\/li><\/ul><div><span style=\"font-variant-ligatures: normal; font-variant-caps: normal; font-family: Roboto, sans-serif; font-size: 14px; font-style: normal; font-weight: 600;\"><a style=\"font-size: 14px;\" href=\"http:\/\/marydesign.de\/?page_id=66\">Sie m\u00f6chten bestellen? Schreiben Sie mir eine E-Mail!<\/a><\/span><\/div>\t\t\t\t\t\t\t\t<\/div>\n\t\t\t\t<\/div>\n\t\t\t\t\t<\/div>\n\t\t<\/div>\n\t\t\t\t\t<\/div>\n\t\t<\/section>\n\t\t\t\t<section class=\"elementor-section elementor-top-section elementor-element elementor-element-10568cd elementor-section-boxed elementor-section-height-default elementor-section-height-default\" data-id=\"10568cd\" data-element_type=\"section\">\n\t\t\t\t\t\t<div class=\"elementor-container elementor-column-gap-default\">\n\t\t\t\t\t<div class=\"elementor-column elementor-col-50 elementor-top-column elementor-element elementor-element-5707276\" data-id=\"5707276\" data-element_type=\"column\">\n\t\t\t<div class=\"elementor-widget-wrap elementor-element-populated\">\n\t\t\t\t\t\t<div class=\"elementor-element elementor-element-4887347 elementor-widget elementor-widget-image\" data-id=\"4887347\" data-element_type=\"widget\" data-widget_type=\"image.default\">\n\t\t\t\t<div class=\"elementor-widget-container\">\n\t\t\t\t\t\t\t\t\t\t\t\t\t\t\t<img fetchpriority=\"high\" decoding=\"async\" width=\"1024\" height=\"768\" src=\"https:\/\/marydesign.de\/wp-content\/uploads\/2020\/04\/Erwachsene-0-1024x768.jpg\" class=\"attachment-large size-large wp-image-296\" alt=\"\" srcset=\"https:\/\/marydesign.de\/wp-content\/uploads\/2020\/04\/Erwachsene-0-1024x768.jpg 1024w, https:\/\/marydesign.de\/wp-content\/uploads\/2020\/04\/Erwachsene-0-300x225.jpg 300w, https:\/\/marydesign.de\/wp-content\/uploads\/2020\/04\/Erwachsene-0-768x576.jpg 768w, https:\/\/marydesign.de\/wp-content\/uploads\/2020\/04\/Erwachsene-0-1536x1152.jpg 1536w, https:\/\/marydesign.de\/wp-content\/uploads\/2020\/04\/Erwachsene-0.jpg 1600w\" sizes=\"(max-width: 1024px) 100vw, 1024px\" \/>\t\t\t\t\t\t\t\t\t\t\t\t\t\t\t<\/div>\n\t\t\t\t<\/div>\n\t\t\t\t\t<\/div>\n\t\t<\/div>\n\t\t\t\t<div class=\"elementor-column elementor-col-50 elementor-top-column elementor-element elementor-element-2595ccc\" data-id=\"2595ccc\" data-element_type=\"column\">\n\t\t\t<div class=\"elementor-widget-wrap elementor-element-populated\">\n\t\t\t\t\t\t<div class=\"elementor-element elementor-element-f08a2df elementor-widget elementor-widget-image\" data-id=\"f08a2df\" data-element_type=\"widget\" data-widget_type=\"image.default\">\n\t\t\t\t<div class=\"elementor-widget-container\">\n\t\t\t\t\t\t\t\t\t\t\t\t\t\t\t<img decoding=\"async\" width=\"1024\" height=\"768\" src=\"https:\/\/marydesign.de\/wp-content\/uploads\/2020\/04\/Erwachsene-1-1024x768.jpg\" class=\"attachment-large size-large wp-image-297\" alt=\"\" srcset=\"https:\/\/marydesign.de\/wp-content\/uploads\/2020\/04\/Erwachsene-1-1024x768.jpg 1024w, https:\/\/marydesign.de\/wp-content\/uploads\/2020\/04\/Erwachsene-1-300x225.jpg 300w, https:\/\/marydesign.de\/wp-content\/uploads\/2020\/04\/Erwachsene-1-768x576.jpg 768w, https:\/\/marydesign.de\/wp-content\/uploads\/2020\/04\/Erwachsene-1-1536x1152.jpg 1536w, https:\/\/marydesign.de\/wp-content\/uploads\/2020\/04\/Erwachsene-1.jpg 1600w\" sizes=\"(max-width: 1024px) 100vw, 1024px\" \/>\t\t\t\t\t\t\t\t\t\t\t\t\t\t\t<\/div>\n\t\t\t\t<\/div>\n\t\t\t\t\t<\/div>\n\t\t<\/div>\n\t\t\t\t\t<\/div>\n\t\t<\/section>\n\t\t\t\t<section class=\"elementor-section elementor-top-section elementor-element elementor-element-a6005ee elementor-section-boxed elementor-section-height-default elementor-section-height-default\" data-id=\"a6005ee\" data-element_type=\"section\">\n\t\t\t\t\t\t<div class=\"elementor-container elementor-column-gap-default\">\n\t\t\t\t\t<div class=\"elementor-column elementor-col-50 elementor-top-column elementor-element elementor-element-74730da\" data-id=\"74730da\" data-element_type=\"column\">\n\t\t\t<div class=\"elementor-widget-wrap elementor-element-populated\">\n\t\t\t\t\t\t<div class=\"elementor-element elementor-element-5808b12 elementor-widget elementor-widget-image\" data-id=\"5808b12\" data-element_type=\"widget\" data-widget_type=\"image.default\">\n\t\t\t\t<div class=\"elementor-widget-container\">\n\t\t\t\t\t\t\t\t\t\t\t\t\t\t\t<img decoding=\"async\" width=\"1024\" height=\"768\" src=\"https:\/\/marydesign.de\/wp-content\/uploads\/2020\/04\/Erwachsene-2-1024x768.jpg\" class=\"attachment-large size-large wp-image-298\" alt=\"\" srcset=\"https:\/\/marydesign.de\/wp-content\/uploads\/2020\/04\/Erwachsene-2-1024x768.jpg 1024w, https:\/\/marydesign.de\/wp-content\/uploads\/2020\/04\/Erwachsene-2-300x225.jpg 300w, https:\/\/marydesign.de\/wp-content\/uploads\/2020\/04\/Erwachsene-2-768x576.jpg 768w, https:\/\/marydesign.de\/wp-content\/uploads\/2020\/04\/Erwachsene-2-1536x1152.jpg 1536w, https:\/\/marydesign.de\/wp-content\/uploads\/2020\/04\/Erwachsene-2.jpg 1600w\" sizes=\"(max-width: 1024px) 100vw, 1024px\" \/>\t\t\t\t\t\t\t\t\t\t\t\t\t\t\t<\/div>\n\t\t\t\t<\/div>\n\t\t\t\t\t<\/div>\n\t\t<\/div>\n\t\t\t\t<div class=\"elementor-column elementor-col-50 elementor-top-column elementor-element elementor-element-bc91dad\" data-id=\"bc91dad\" data-element_type=\"column\">\n\t\t\t<div class=\"elementor-widget-wrap elementor-element-populated\">\n\t\t\t\t\t\t<div class=\"elementor-element elementor-element-142c4e8 elementor-widget elementor-widget-image\" data-id=\"142c4e8\" data-element_type=\"widget\" data-widget_type=\"image.default\">\n\t\t\t\t<div class=\"elementor-widget-container\">\n\t\t\t\t\t\t\t\t\t\t\t\t\t\t\t<img loading=\"lazy\" decoding=\"async\" width=\"1024\" height=\"768\" src=\"https:\/\/marydesign.de\/wp-content\/uploads\/2020\/04\/Erwachsene-4-1024x768.jpg\" class=\"attachment-large size-large wp-image-300\" alt=\"\" srcset=\"https:\/\/marydesign.de\/wp-content\/uploads\/2020\/04\/Erwachsene-4-1024x768.jpg 1024w, https:\/\/marydesign.de\/wp-content\/uploads\/2020\/04\/Erwachsene-4-300x225.jpg 300w, https:\/\/marydesign.de\/wp-content\/uploads\/2020\/04\/Erwachsene-4-768x576.jpg 768w, https:\/\/marydesign.de\/wp-content\/uploads\/2020\/04\/Erwachsene-4-1536x1152.jpg 1536w, https:\/\/marydesign.de\/wp-content\/uploads\/2020\/04\/Erwachsene-4.jpg 1600w\" sizes=\"(max-width: 1024px) 100vw, 1024px\" \/>\t\t\t\t\t\t\t\t\t\t\t\t\t\t\t<\/div>\n\t\t\t\t<\/div>\n\t\t\t\t\t<\/div>\n\t\t<\/div>\n\t\t\t\t\t<\/div>\n\t\t<\/section>\n\t\t\t\t<section class=\"elementor-section elementor-top-section elementor-element elementor-element-46e5ca9 elementor-section-boxed elementor-section-height-default elementor-section-height-default\" data-id=\"46e5ca9\" data-element_type=\"section\">\n\t\t\t\t\t\t<div class=\"elementor-container elementor-column-gap-default\">\n\t\t\t\t\t<div class=\"elementor-column elementor-col-100 elementor-top-column elementor-element elementor-element-40a557b\" data-id=\"40a557b\" data-element_type=\"column\">\n\t\t\t<div class=\"elementor-widget-wrap elementor-element-populated\">\n\t\t\t\t\t\t<div class=\"elementor-element elementor-element-7964024 elementor-widget-divider--view-line elementor-widget elementor-widget-divider\" data-id=\"7964024\" data-element_type=\"widget\" data-widget_type=\"divider.default\">\n\t\t\t\t<div class=\"elementor-widget-container\">\n\t\t\t\t\t\t\t<div class=\"elementor-divider\">\n\t\t\t<span class=\"elementor-divider-separator\">\n\t\t\t\t\t\t<\/span>\n\t\t<\/div>\n\t\t\t\t\t\t<\/div>\n\t\t\t\t<\/div>\n\t\t\t\t<div class=\"elementor-element elementor-element-e3ffcdc elementor-widget elementor-widget-heading\" data-id=\"e3ffcdc\" data-element_type=\"widget\" data-widget_type=\"heading.default\">\n\t\t\t\t<div class=\"elementor-widget-container\">\n\t\t\t\t\t<h2 class=\"elementor-heading-title elementor-size-default\">Kinder Mund-und Nasenmaske (Kinder)<\/h2>\t\t\t\t<\/div>\n\t\t\t\t<\/div>\n\t\t\t\t<div class=\"elementor-element elementor-element-bd9efe3 elementor-widget elementor-widget-text-editor\" data-id=\"bd9efe3\" data-element_type=\"widget\" data-widget_type=\"text-editor.default\">\n\t\t\t\t<div class=\"elementor-widget-container\">\n\t\t\t\t\t\t\t\t\t<ul><li>2 lange Gummis, um sie hinter dem Kopf zu befestigen<\/li><li>Bei Bedarf Gummi durchschneiden, Knoten und hinter die Ohren ziehen.<\/li><li>5 \u20ac pro St\u00fcck<\/li><li>Versand m\u00f6glich.<\/li><\/ul><p><a style=\"font-family: Roboto, sans-serif; font-size: 14px; font-style: normal; font-variant-ligatures: normal; font-variant-caps: normal; font-weight: 600; background-color: #ffffff;\" href=\"http:\/\/marydesign.de\/?page_id=66\">Sie m\u00f6chten bestellen? Schreiben Sie mir eine E-Mail!<\/a><\/p>\t\t\t\t\t\t\t\t<\/div>\n\t\t\t\t<\/div>\n\t\t\t\t\t<\/div>\n\t\t<\/div>\n\t\t\t\t\t<\/div>\n\t\t<\/section>\n\t\t\t\t<section class=\"elementor-section elementor-top-section elementor-element elementor-element-de02923 elementor-section-boxed elementor-section-height-default elementor-section-height-default\" data-id=\"de02923\" data-element_type=\"section\">\n\t\t\t\t\t\t<div class=\"elementor-container elementor-column-gap-default\">\n\t\t\t\t\t<div class=\"elementor-column elementor-col-50 elementor-top-column elementor-element elementor-element-dd45bcf\" data-id=\"dd45bcf\" data-element_type=\"column\">\n\t\t\t<div class=\"elementor-widget-wrap elementor-element-populated\">\n\t\t\t\t\t\t<div class=\"elementor-element elementor-element-d73c44a elementor-widget elementor-widget-image\" data-id=\"d73c44a\" data-element_type=\"widget\" data-widget_type=\"image.default\">\n\t\t\t\t<div class=\"elementor-widget-container\">\n\t\t\t\t\t\t\t\t\t\t\t\t\t\t\t<img loading=\"lazy\" decoding=\"async\" width=\"1024\" height=\"768\" src=\"https:\/\/marydesign.de\/wp-content\/uploads\/2020\/04\/Kinder-0-1024x768.jpg\" class=\"attachment-large size-large wp-image-301\" alt=\"\" srcset=\"https:\/\/marydesign.de\/wp-content\/uploads\/2020\/04\/Kinder-0-1024x768.jpg 1024w, https:\/\/marydesign.de\/wp-content\/uploads\/2020\/04\/Kinder-0-300x225.jpg 300w, https:\/\/marydesign.de\/wp-content\/uploads\/2020\/04\/Kinder-0-768x576.jpg 768w, https:\/\/marydesign.de\/wp-content\/uploads\/2020\/04\/Kinder-0-1536x1152.jpg 1536w, https:\/\/marydesign.de\/wp-content\/uploads\/2020\/04\/Kinder-0.jpg 1600w\" sizes=\"(max-width: 1024px) 100vw, 1024px\" \/>\t\t\t\t\t\t\t\t\t\t\t\t\t\t\t<\/div>\n\t\t\t\t<\/div>\n\t\t\t\t\t<\/div>\n\t\t<\/div>\n\t\t\t\t<div class=\"elementor-column elementor-col-50 elementor-top-column elementor-element elementor-element-5d45feb\" data-id=\"5d45feb\" data-element_type=\"column\">\n\t\t\t<div class=\"elementor-widget-wrap elementor-element-populated\">\n\t\t\t\t\t\t<div class=\"elementor-element elementor-element-13acdef elementor-widget elementor-widget-image\" data-id=\"13acdef\" data-element_type=\"widget\" data-widget_type=\"image.default\">\n\t\t\t\t<div class=\"elementor-widget-container\">\n\t\t\t\t\t\t\t\t\t\t\t\t\t\t\t<img loading=\"lazy\" decoding=\"async\" width=\"1024\" height=\"768\" src=\"https:\/\/marydesign.de\/wp-content\/uploads\/2020\/04\/Kinder-1-1024x768.jpg\" class=\"attachment-large size-large wp-image-302\" alt=\"\" srcset=\"https:\/\/marydesign.de\/wp-content\/uploads\/2020\/04\/Kinder-1-1024x768.jpg 1024w, https:\/\/marydesign.de\/wp-content\/uploads\/2020\/04\/Kinder-1-300x225.jpg 300w, https:\/\/marydesign.de\/wp-content\/uploads\/2020\/04\/Kinder-1-768x576.jpg 768w, https:\/\/marydesign.de\/wp-content\/uploads\/2020\/04\/Kinder-1-1536x1152.jpg 1536w, https:\/\/marydesign.de\/wp-content\/uploads\/2020\/04\/Kinder-1.jpg 1600w\" sizes=\"(max-width: 1024px) 100vw, 1024px\" \/>\t\t\t\t\t\t\t\t\t\t\t\t\t\t\t<\/div>\n\t\t\t\t<\/div>\n\t\t\t\t\t<\/div>\n\t\t<\/div>\n\t\t\t\t\t<\/div>\n\t\t<\/section>\n\t\t\t\t<section class=\"elementor-section elementor-top-section elementor-element elementor-element-71ae799 elementor-section-boxed elementor-section-height-default elementor-section-height-default\" data-id=\"71ae799\" data-element_type=\"section\">\n\t\t\t\t\t\t<div class=\"elementor-container elementor-column-gap-default\">\n\t\t\t\t\t<div class=\"elementor-column elementor-col-50 elementor-top-column elementor-element elementor-element-ff85f13\" data-id=\"ff85f13\" data-element_type=\"column\">\n\t\t\t<div class=\"elementor-widget-wrap elementor-element-populated\">\n\t\t\t\t\t\t<div class=\"elementor-element elementor-element-7188d88 elementor-widget elementor-widget-image\" data-id=\"7188d88\" data-element_type=\"widget\" data-widget_type=\"image.default\">\n\t\t\t\t<div class=\"elementor-widget-container\">\n\t\t\t\t\t\t\t\t\t\t\t\t\t\t\t<img loading=\"lazy\" decoding=\"async\" width=\"1024\" height=\"768\" src=\"https:\/\/marydesign.de\/wp-content\/uploads\/2020\/04\/Kinder-2-1024x768.jpg\" class=\"attachment-large size-large wp-image-303\" alt=\"\" srcset=\"https:\/\/marydesign.de\/wp-content\/uploads\/2020\/04\/Kinder-2-1024x768.jpg 1024w, https:\/\/marydesign.de\/wp-content\/uploads\/2020\/04\/Kinder-2-300x225.jpg 300w, https:\/\/marydesign.de\/wp-content\/uploads\/2020\/04\/Kinder-2-768x576.jpg 768w, https:\/\/marydesign.de\/wp-content\/uploads\/2020\/04\/Kinder-2-1536x1152.jpg 1536w, https:\/\/marydesign.de\/wp-content\/uploads\/2020\/04\/Kinder-2.jpg 1600w\" sizes=\"(max-width: 1024px) 100vw, 1024px\" \/>\t\t\t\t\t\t\t\t\t\t\t\t\t\t\t<\/div>\n\t\t\t\t<\/div>\n\t\t\t\t\t<\/div>\n\t\t<\/div>\n\t\t\t\t<div class=\"elementor-column elementor-col-50 elementor-top-column elementor-element elementor-element-c9b2468\" data-id=\"c9b2468\" data-element_type=\"column\">\n\t\t\t<div class=\"elementor-widget-wrap elementor-element-populated\">\n\t\t\t\t\t\t<div class=\"elementor-element elementor-element-18dfcca elementor-widget elementor-widget-image\" data-id=\"18dfcca\" data-element_type=\"widget\" data-widget_type=\"image.default\">\n\t\t\t\t<div class=\"elementor-widget-container\">\n\t\t\t\t\t\t\t\t\t\t\t\t\t\t\t<img loading=\"lazy\" decoding=\"async\" width=\"1024\" height=\"768\" src=\"https:\/\/marydesign.de\/wp-content\/uploads\/2020\/04\/Kinder-4-1024x768.jpg\" class=\"attachment-large size-large wp-image-304\" alt=\"\" srcset=\"https:\/\/marydesign.de\/wp-content\/uploads\/2020\/04\/Kinder-4-1024x768.jpg 1024w, https:\/\/marydesign.de\/wp-content\/uploads\/2020\/04\/Kinder-4-300x225.jpg 300w, https:\/\/marydesign.de\/wp-content\/uploads\/2020\/04\/Kinder-4-768x576.jpg 768w, https:\/\/marydesign.de\/wp-content\/uploads\/2020\/04\/Kinder-4-1536x1152.jpg 1536w, https:\/\/marydesign.de\/wp-content\/uploads\/2020\/04\/Kinder-4.jpg 1600w\" sizes=\"(max-width: 1024px) 100vw, 1024px\" \/>\t\t\t\t\t\t\t\t\t\t\t\t\t\t\t<\/div>\n\t\t\t\t<\/div>\n\t\t\t\t\t<\/div>\n\t\t<\/div>\n\t\t\t\t\t<\/div>\n\t\t<\/section>\n\t\t\t\t<section class=\"elementor-section elementor-top-section elementor-element elementor-element-30e33f9 elementor-section-boxed elementor-section-height-default elementor-section-height-default\" data-id=\"30e33f9\" data-element_type=\"section\">\n\t\t\t\t\t\t<div class=\"elementor-container elementor-column-gap-default\">\n\t\t\t\t\t<div class=\"elementor-column elementor-col-100 elementor-top-column elementor-element elementor-element-635d9fd\" data-id=\"635d9fd\" data-element_type=\"column\">\n\t\t\t<div class=\"elementor-widget-wrap elementor-element-populated\">\n\t\t\t\t\t\t<div class=\"elementor-element elementor-element-660f5c6 elementor-widget elementor-widget-heading\" data-id=\"660f5c6\" data-element_type=\"widget\" data-widget_type=\"heading.default\">\n\t\t\t\t<div class=\"elementor-widget-container\">\n\t\t\t\t\t<h2 class=\"elementor-heading-title elementor-size-default\">Mund-und Nasenmasken f\u00fcr Firmen<\/h2>\t\t\t\t<\/div>\n\t\t\t\t<\/div>\n\t\t\t\t<div class=\"elementor-element elementor-element-b1558f6 elementor-widget elementor-widget-text-editor\" data-id=\"b1558f6\" data-element_type=\"widget\" data-widget_type=\"text-editor.default\">\n\t\t\t\t<div class=\"elementor-widget-container\">\n\t\t\t\t\t\t\t\t\t<ul><li>2 lange Gummis, um sie hinter dem Kopf zu befestigen<\/li><li>Bei Bedarf Gummi durchschneiden, Knoten und hinter die Ohren ziehen.<\/li><li>Individuelle Firmenfarben.<\/li><li>5 \u20ac pro St\u00fcck<\/li><\/ul><p><strong><a href=\"http:\/\/marydesign.de\/?page_id=66\">Sie m\u00f6chten bestellen? Schreiben Sie mir eine E-Mail!<\/a><\/strong><\/p>\t\t\t\t\t\t\t\t<\/div>\n\t\t\t\t<\/div>\n\t\t\t\t\t<\/div>\n\t\t<\/div>\n\t\t\t\t\t<\/div>\n\t\t<\/section>\n\t\t\t\t<section class=\"elementor-section elementor-top-section elementor-element elementor-element-eead327 elementor-section-boxed elementor-section-height-default elementor-section-height-default\" data-id=\"eead327\" data-element_type=\"section\">\n\t\t\t\t\t\t<div class=\"elementor-container elementor-column-gap-default\">\n\t\t\t\t\t<div class=\"elementor-column elementor-col-50 elementor-top-column elementor-element elementor-element-dac4870\" data-id=\"dac4870\" data-element_type=\"column\">\n\t\t\t<div class=\"elementor-widget-wrap elementor-element-populated\">\n\t\t\t\t\t\t<div class=\"elementor-element elementor-element-592e512 elementor-widget elementor-widget-image\" data-id=\"592e512\" data-element_type=\"widget\" data-widget_type=\"image.default\">\n\t\t\t\t<div class=\"elementor-widget-container\">\n\t\t\t\t\t\t\t\t\t\t\t\t\t\t\t<img loading=\"lazy\" decoding=\"async\" width=\"768\" height=\"1024\" src=\"https:\/\/marydesign.de\/wp-content\/uploads\/2020\/04\/Firmen-2-768x1024.jpg\" class=\"attachment-large size-large wp-image-306\" alt=\"\" srcset=\"https:\/\/marydesign.de\/wp-content\/uploads\/2020\/04\/Firmen-2-768x1024.jpg 768w, https:\/\/marydesign.de\/wp-content\/uploads\/2020\/04\/Firmen-2-225x300.jpg 225w, https:\/\/marydesign.de\/wp-content\/uploads\/2020\/04\/Firmen-2-1152x1536.jpg 1152w, https:\/\/marydesign.de\/wp-content\/uploads\/2020\/04\/Firmen-2.jpg 1200w\" sizes=\"(max-width: 768px) 100vw, 768px\" \/>\t\t\t\t\t\t\t\t\t\t\t\t\t\t\t<\/div>\n\t\t\t\t<\/div>\n\t\t\t\t\t<\/div>\n\t\t<\/div>\n\t\t\t\t<div class=\"elementor-column elementor-col-50 elementor-top-column elementor-element elementor-element-14fafe4\" data-id=\"14fafe4\" data-element_type=\"column\">\n\t\t\t<div class=\"elementor-widget-wrap elementor-element-populated\">\n\t\t\t\t\t\t<div class=\"elementor-element elementor-element-69ce461 elementor-widget elementor-widget-image\" data-id=\"69ce461\" data-element_type=\"widget\" data-widget_type=\"image.default\">\n\t\t\t\t<div class=\"elementor-widget-container\">\n\t\t\t\t\t\t\t\t\t\t\t\t\t\t\t<img loading=\"lazy\" decoding=\"async\" width=\"768\" height=\"1024\" src=\"https:\/\/marydesign.de\/wp-content\/uploads\/2020\/04\/Firmen-1-768x1024.jpg\" class=\"attachment-large size-large wp-image-305\" alt=\"\" srcset=\"https:\/\/marydesign.de\/wp-content\/uploads\/2020\/04\/Firmen-1-768x1024.jpg 768w, https:\/\/marydesign.de\/wp-content\/uploads\/2020\/04\/Firmen-1-225x300.jpg 225w, https:\/\/marydesign.de\/wp-content\/uploads\/2020\/04\/Firmen-1-1152x1536.jpg 1152w, https:\/\/marydesign.de\/wp-content\/uploads\/2020\/04\/Firmen-1.jpg 1200w\" sizes=\"(max-width: 768px) 100vw, 768px\" \/>\t\t\t\t\t\t\t\t\t\t\t\t\t\t\t<\/div>\n\t\t\t\t<\/div>\n\t\t\t\t\t<\/div>\n\t\t<\/div>\n\t\t\t\t\t<\/div>\n\t\t<\/section>\n\t\t\t\t<\/div>\n\t\t","protected":false},"excerpt":{"rendered":"<p>Anmerkung zu den Mund- und Nasenmasken Diese Masken sind aus herk\u00f6mmlichem Stoff gen\u00e4ht und k\u00f6nnen im Alltag getragen werden. Sie gen\u00fcgen nicht f\u00fcr den Medizinischen Mund-Nasen-Schutz oder f\u00fcr pers\u00f6nliche Schutzausr\u00fcstungen wie Filtrierende Halbmasken. Es handelt sich bei diesen Mund- und Nasenmasken also weder um ein Medizinprodukt noch um eine Schutzausr\u00fcstung! Mund-und Nasenmaske (Erwachsene) 2 lange [&hellip;]<\/p>\n","protected":false},"author":1,"featured_media":0,"parent":0,"menu_order":0,"comment_status":"closed","ping_status":"closed","template":"","meta":{"footnotes":""},"class_list":["post-294","page","type-page","status-publish","hentry","entry"],"_links":{"self":[{"href":"https:\/\/marydesign.de\/index.php?rest_route=\/wp\/v2\/pages\/294","targetHints":{"allow":["GET"]}}],"collection":[{"href":"https:\/\/marydesign.de\/index.php?rest_route=\/wp\/v2\/pages"}],"about":[{"href":"https:\/\/marydesign.de\/index.php?rest_route=\/wp\/v2\/types\/page"}],"author":[{"embeddable":true,"href":"https:\/\/marydesign.de\/index.php?rest_route=\/wp\/v2\/users\/1"}],"replies":[{"embeddable":true,"href":"https:\/\/marydesign.de\/index.php?rest_route=%2Fwp%2Fv2%2Fcomments&post=294"}],"version-history":[{"count":8,"href":"https:\/\/marydesign.de\/index.php?rest_route=\/wp\/v2\/pages\/294\/revisions"}],"predecessor-version":[{"id":320,"href":"https:\/\/marydesign.de\/index.php?rest_route=\/wp\/v2\/pages\/294\/revisions\/320"}],"wp:attachment":[{"href":"https:\/\/marydesign.de\/index.php?rest_route=%2Fwp%2Fv2%2Fmedia&parent=294"}],"curies":[{"name":"wp","href":"https:\/\/api.w.org\/{rel}","templated":true}]}}