{"id":30,"date":"2020-04-14T11:15:13","date_gmt":"2020-04-14T11:15:13","guid":{"rendered":"http:\/\/marydesign.de\/?page_id=30"},"modified":"2020-04-14T19:31:44","modified_gmt":"2020-04-14T19:31:44","slug":"schulmaeppchen","status":"publish","type":"page","link":"https:\/\/marydesign.de\/?page_id=30","title":{"rendered":"Schulm\u00e4ppchen"},"content":{"rendered":"\t\t<div data-elementor-type=\"wp-page\" data-elementor-id=\"30\" class=\"elementor elementor-30\">\n\t\t\t\t\t\t<section class=\"elementor-section elementor-top-section elementor-element elementor-element-a93a89d elementor-section-boxed elementor-section-height-default elementor-section-height-default\" data-id=\"a93a89d\" data-element_type=\"section\">\n\t\t\t\t\t\t<div class=\"elementor-container elementor-column-gap-default\">\n\t\t\t\t\t<div class=\"elementor-column elementor-col-100 elementor-top-column elementor-element elementor-element-ebee178\" data-id=\"ebee178\" data-element_type=\"column\">\n\t\t\t<div class=\"elementor-widget-wrap elementor-element-populated\">\n\t\t\t\t\t\t<div class=\"elementor-element elementor-element-0b03e29 elementor-widget elementor-widget-text-editor\" data-id=\"0b03e29\" data-element_type=\"widget\" data-widget_type=\"text-editor.default\">\n\t\t\t\t<div class=\"elementor-widget-container\">\n\t\t\t\t\t\t\t\t\t<p><strong>Schul\u00e4ppchen aus Kunstleder<\/strong><\/p><ul><li>Ma\u00dfe: B42xh10x8 cm<\/li><li>Farben frei w\u00e4hlbar<\/li><li>innen mit Folie zum auswaschen<\/li><li>Preis: 17 \u20ac<\/li><\/ul><div><strong><a href=\"http:\/\/marydesign.de\/?page_id=62\">Alle zur Verf\u00fcgung stehenden Farben k\u00f6nnen Sie hier einsehen!<\/a><\/strong><\/div><div><strong><a href=\"http:\/\/marydesign.de\/?page_id=66\">Sie m\u00f6chten bestellen? Schreiben Sie mir eine E-Mail!<\/a><\/strong><\/div>\t\t\t\t\t\t\t\t<\/div>\n\t\t\t\t<\/div>\n\t\t\t\t\t<\/div>\n\t\t<\/div>\n\t\t\t\t\t<\/div>\n\t\t<\/section>\n\t\t\t\t<section class=\"elementor-section elementor-top-section elementor-element elementor-element-1b13e1f elementor-section-boxed elementor-section-height-default elementor-section-height-default\" data-id=\"1b13e1f\" data-element_type=\"section\">\n\t\t\t\t\t\t<div class=\"elementor-container elementor-column-gap-default\">\n\t\t\t\t\t<div class=\"elementor-column elementor-col-50 elementor-top-column elementor-element elementor-element-6bad14f\" data-id=\"6bad14f\" data-element_type=\"column\">\n\t\t\t<div class=\"elementor-widget-wrap elementor-element-populated\">\n\t\t\t\t\t\t<div class=\"elementor-element elementor-element-9fee629 elementor-widget elementor-widget-image\" data-id=\"9fee629\" data-element_type=\"widget\" data-widget_type=\"image.default\">\n\t\t\t\t<div class=\"elementor-widget-container\">\n\t\t\t\t\t\t\t\t\t\t\t\t\t\t\t<img fetchpriority=\"high\" decoding=\"async\" width=\"1024\" height=\"768\" src=\"https:\/\/marydesign.de\/wp-content\/uploads\/2020\/04\/m\u00e4ppchen01-1024x768.jpg\" class=\"attachment-large size-large wp-image-151\" alt=\"\" srcset=\"https:\/\/marydesign.de\/wp-content\/uploads\/2020\/04\/m\u00e4ppchen01-1024x768.jpg 1024w, https:\/\/marydesign.de\/wp-content\/uploads\/2020\/04\/m\u00e4ppchen01-300x225.jpg 300w, https:\/\/marydesign.de\/wp-content\/uploads\/2020\/04\/m\u00e4ppchen01-768x576.jpg 768w, https:\/\/marydesign.de\/wp-content\/uploads\/2020\/04\/m\u00e4ppchen01-1536x1152.jpg 1536w, https:\/\/marydesign.de\/wp-content\/uploads\/2020\/04\/m\u00e4ppchen01.jpg 1600w\" sizes=\"(max-width: 1024px) 100vw, 1024px\" \/>\t\t\t\t\t\t\t\t\t\t\t\t\t\t\t<\/div>\n\t\t\t\t<\/div>\n\t\t\t\t\t<\/div>\n\t\t<\/div>\n\t\t\t\t<div class=\"elementor-column elementor-col-50 elementor-top-column elementor-element elementor-element-bd10459\" data-id=\"bd10459\" data-element_type=\"column\">\n\t\t\t<div class=\"elementor-widget-wrap elementor-element-populated\">\n\t\t\t\t\t\t<div class=\"elementor-element elementor-element-7825b97 elementor-widget elementor-widget-image\" data-id=\"7825b97\" data-element_type=\"widget\" data-widget_type=\"image.default\">\n\t\t\t\t<div class=\"elementor-widget-container\">\n\t\t\t\t\t\t\t\t\t\t\t\t\t\t\t<img decoding=\"async\" width=\"1024\" height=\"768\" src=\"https:\/\/marydesign.de\/wp-content\/uploads\/2020\/04\/m\u00e4ppchen02-1024x768.jpg\" class=\"attachment-large size-large wp-image-152\" alt=\"\" srcset=\"https:\/\/marydesign.de\/wp-content\/uploads\/2020\/04\/m\u00e4ppchen02-1024x768.jpg 1024w, https:\/\/marydesign.de\/wp-content\/uploads\/2020\/04\/m\u00e4ppchen02-300x225.jpg 300w, https:\/\/marydesign.de\/wp-content\/uploads\/2020\/04\/m\u00e4ppchen02-768x576.jpg 768w, https:\/\/marydesign.de\/wp-content\/uploads\/2020\/04\/m\u00e4ppchen02-1536x1152.jpg 1536w, https:\/\/marydesign.de\/wp-content\/uploads\/2020\/04\/m\u00e4ppchen02.jpg 1600w\" sizes=\"(max-width: 1024px) 100vw, 1024px\" \/>\t\t\t\t\t\t\t\t\t\t\t\t\t\t\t<\/div>\n\t\t\t\t<\/div>\n\t\t\t\t\t<\/div>\n\t\t<\/div>\n\t\t\t\t\t<\/div>\n\t\t<\/section>\n\t\t\t\t<section class=\"elementor-section elementor-top-section elementor-element elementor-element-218f31a elementor-section-boxed elementor-section-height-default elementor-section-height-default\" data-id=\"218f31a\" data-element_type=\"section\">\n\t\t\t\t\t\t<div class=\"elementor-container elementor-column-gap-default\">\n\t\t\t\t\t<div class=\"elementor-column elementor-col-50 elementor-top-column elementor-element elementor-element-18e6cbf\" data-id=\"18e6cbf\" data-element_type=\"column\">\n\t\t\t<div class=\"elementor-widget-wrap elementor-element-populated\">\n\t\t\t\t\t\t<div class=\"elementor-element elementor-element-bc260b4 elementor-widget elementor-widget-image\" data-id=\"bc260b4\" data-element_type=\"widget\" data-widget_type=\"image.default\">\n\t\t\t\t<div class=\"elementor-widget-container\">\n\t\t\t\t\t\t\t\t\t\t\t\t\t\t\t<img decoding=\"async\" width=\"1024\" height=\"768\" src=\"https:\/\/marydesign.de\/wp-content\/uploads\/2020\/04\/m\u00e4ppchen03-1024x768.jpg\" class=\"attachment-large size-large wp-image-153\" alt=\"\" srcset=\"https:\/\/marydesign.de\/wp-content\/uploads\/2020\/04\/m\u00e4ppchen03-1024x768.jpg 1024w, https:\/\/marydesign.de\/wp-content\/uploads\/2020\/04\/m\u00e4ppchen03-300x225.jpg 300w, https:\/\/marydesign.de\/wp-content\/uploads\/2020\/04\/m\u00e4ppchen03-768x576.jpg 768w, https:\/\/marydesign.de\/wp-content\/uploads\/2020\/04\/m\u00e4ppchen03-1536x1152.jpg 1536w, https:\/\/marydesign.de\/wp-content\/uploads\/2020\/04\/m\u00e4ppchen03.jpg 1600w\" sizes=\"(max-width: 1024px) 100vw, 1024px\" \/>\t\t\t\t\t\t\t\t\t\t\t\t\t\t\t<\/div>\n\t\t\t\t<\/div>\n\t\t\t\t\t<\/div>\n\t\t<\/div>\n\t\t\t\t<div class=\"elementor-column elementor-col-50 elementor-top-column elementor-element elementor-element-05cf0c7\" data-id=\"05cf0c7\" data-element_type=\"column\">\n\t\t\t<div class=\"elementor-widget-wrap elementor-element-populated\">\n\t\t\t\t\t\t<div class=\"elementor-element elementor-element-c001bf5 elementor-widget elementor-widget-image\" data-id=\"c001bf5\" data-element_type=\"widget\" data-widget_type=\"image.default\">\n\t\t\t\t<div class=\"elementor-widget-container\">\n\t\t\t\t\t\t\t\t\t\t\t\t\t\t\t<img loading=\"lazy\" decoding=\"async\" width=\"1024\" height=\"768\" src=\"https:\/\/marydesign.de\/wp-content\/uploads\/2020\/04\/m\u00e4ppchen04-1-1024x768.jpg\" class=\"attachment-large size-large wp-image-157\" alt=\"\" srcset=\"https:\/\/marydesign.de\/wp-content\/uploads\/2020\/04\/m\u00e4ppchen04-1-1024x768.jpg 1024w, https:\/\/marydesign.de\/wp-content\/uploads\/2020\/04\/m\u00e4ppchen04-1-300x225.jpg 300w, https:\/\/marydesign.de\/wp-content\/uploads\/2020\/04\/m\u00e4ppchen04-1-768x576.jpg 768w, https:\/\/marydesign.de\/wp-content\/uploads\/2020\/04\/m\u00e4ppchen04-1-1536x1152.jpg 1536w, https:\/\/marydesign.de\/wp-content\/uploads\/2020\/04\/m\u00e4ppchen04-1-rotated.jpg 1600w\" sizes=\"(max-width: 1024px) 100vw, 1024px\" \/>\t\t\t\t\t\t\t\t\t\t\t\t\t\t\t<\/div>\n\t\t\t\t<\/div>\n\t\t\t\t\t<\/div>\n\t\t<\/div>\n\t\t\t\t\t<\/div>\n\t\t<\/section>\n\t\t\t\t<section class=\"elementor-section elementor-top-section elementor-element elementor-element-17f9af4 elementor-section-boxed elementor-section-height-default elementor-section-height-default\" data-id=\"17f9af4\" data-element_type=\"section\">\n\t\t\t\t\t\t<div class=\"elementor-container elementor-column-gap-default\">\n\t\t\t\t\t<div class=\"elementor-column elementor-col-50 elementor-top-column elementor-element elementor-element-2d2d1eb\" data-id=\"2d2d1eb\" data-element_type=\"column\">\n\t\t\t<div class=\"elementor-widget-wrap elementor-element-populated\">\n\t\t\t\t\t\t<div class=\"elementor-element elementor-element-629620c elementor-widget elementor-widget-image\" data-id=\"629620c\" data-element_type=\"widget\" data-widget_type=\"image.default\">\n\t\t\t\t<div class=\"elementor-widget-container\">\n\t\t\t\t\t\t\t\t\t\t\t\t\t\t\t<img loading=\"lazy\" decoding=\"async\" width=\"1024\" height=\"768\" src=\"https:\/\/marydesign.de\/wp-content\/uploads\/2020\/04\/m\u00e4ppchen05-1024x768.jpg\" class=\"attachment-large size-large wp-image-155\" alt=\"\" srcset=\"https:\/\/marydesign.de\/wp-content\/uploads\/2020\/04\/m\u00e4ppchen05-1024x768.jpg 1024w, https:\/\/marydesign.de\/wp-content\/uploads\/2020\/04\/m\u00e4ppchen05-300x225.jpg 300w, https:\/\/marydesign.de\/wp-content\/uploads\/2020\/04\/m\u00e4ppchen05-768x576.jpg 768w, https:\/\/marydesign.de\/wp-content\/uploads\/2020\/04\/m\u00e4ppchen05-1536x1152.jpg 1536w, https:\/\/marydesign.de\/wp-content\/uploads\/2020\/04\/m\u00e4ppchen05.jpg 1600w\" sizes=\"(max-width: 1024px) 100vw, 1024px\" \/>\t\t\t\t\t\t\t\t\t\t\t\t\t\t\t<\/div>\n\t\t\t\t<\/div>\n\t\t\t\t\t<\/div>\n\t\t<\/div>\n\t\t\t\t<div class=\"elementor-column elementor-col-50 elementor-top-column elementor-element elementor-element-2add702\" data-id=\"2add702\" data-element_type=\"column\">\n\t\t\t<div class=\"elementor-widget-wrap elementor-element-populated\">\n\t\t\t\t\t\t<div class=\"elementor-element elementor-element-150e3cb elementor-widget elementor-widget-image\" data-id=\"150e3cb\" data-element_type=\"widget\" data-widget_type=\"image.default\">\n\t\t\t\t<div class=\"elementor-widget-container\">\n\t\t\t\t\t\t\t\t\t\t\t\t\t\t\t<img loading=\"lazy\" decoding=\"async\" width=\"1024\" height=\"768\" src=\"https:\/\/marydesign.de\/wp-content\/uploads\/2020\/04\/m\u00e4ppchen06-1024x768.jpg\" class=\"attachment-large size-large wp-image-156\" alt=\"\" srcset=\"https:\/\/marydesign.de\/wp-content\/uploads\/2020\/04\/m\u00e4ppchen06-1024x768.jpg 1024w, https:\/\/marydesign.de\/wp-content\/uploads\/2020\/04\/m\u00e4ppchen06-300x225.jpg 300w, https:\/\/marydesign.de\/wp-content\/uploads\/2020\/04\/m\u00e4ppchen06-768x576.jpg 768w, https:\/\/marydesign.de\/wp-content\/uploads\/2020\/04\/m\u00e4ppchen06-1536x1152.jpg 1536w, https:\/\/marydesign.de\/wp-content\/uploads\/2020\/04\/m\u00e4ppchen06.jpg 1600w\" sizes=\"(max-width: 1024px) 100vw, 1024px\" \/>\t\t\t\t\t\t\t\t\t\t\t\t\t\t\t<\/div>\n\t\t\t\t<\/div>\n\t\t\t\t\t<\/div>\n\t\t<\/div>\n\t\t\t\t\t<\/div>\n\t\t<\/section>\n\t\t\t\t<\/div>\n\t\t","protected":false},"excerpt":{"rendered":"<p>Schul\u00e4ppchen aus Kunstleder Ma\u00dfe: B42xh10x8 cm Farben frei w\u00e4hlbar innen mit Folie zum auswaschen Preis: 17 \u20ac Alle zur Verf\u00fcgung stehenden Farben k\u00f6nnen Sie hier einsehen!Sie m\u00f6chten bestellen? Schreiben Sie mir eine E-Mail!<\/p>\n","protected":false},"author":1,"featured_media":0,"parent":18,"menu_order":0,"comment_status":"closed","ping_status":"closed","template":"","meta":{"footnotes":""},"class_list":["post-30","page","type-page","status-publish","hentry","entry"],"_links":{"self":[{"href":"https:\/\/marydesign.de\/index.php?rest_route=\/wp\/v2\/pages\/30","targetHints":{"allow":["GET"]}}],"collection":[{"href":"https:\/\/marydesign.de\/index.php?rest_route=\/wp\/v2\/pages"}],"about":[{"href":"https:\/\/marydesign.de\/index.php?rest_route=\/wp\/v2\/types\/page"}],"author":[{"embeddable":true,"href":"https:\/\/marydesign.de\/index.php?rest_route=\/wp\/v2\/users\/1"}],"replies":[{"embeddable":true,"href":"https:\/\/marydesign.de\/index.php?rest_route=%2Fwp%2Fv2%2Fcomments&post=30"}],"version-history":[{"count":6,"href":"https:\/\/marydesign.de\/index.php?rest_route=\/wp\/v2\/pages\/30\/revisions"}],"predecessor-version":[{"id":265,"href":"https:\/\/marydesign.de\/index.php?rest_route=\/wp\/v2\/pages\/30\/revisions\/265"}],"up":[{"embeddable":true,"href":"https:\/\/marydesign.de\/index.php?rest_route=\/wp\/v2\/pages\/18"}],"wp:attachment":[{"href":"https:\/\/marydesign.de\/index.php?rest_route=%2Fwp%2Fv2%2Fmedia&parent=30"}],"curies":[{"name":"wp","href":"https:\/\/api.w.org\/{rel}","templated":true}]}}