{"id":36,"date":"2020-04-14T11:16:17","date_gmt":"2020-04-14T11:16:17","guid":{"rendered":"http:\/\/marydesign.de\/?page_id=36"},"modified":"2020-04-14T19:42:39","modified_gmt":"2020-04-14T19:42:39","slug":"hundehalsbaender","status":"publish","type":"page","link":"https:\/\/marydesign.de\/?page_id=36","title":{"rendered":"Hundehalsb\u00e4nder"},"content":{"rendered":"\t\t<div data-elementor-type=\"wp-page\" data-elementor-id=\"36\" class=\"elementor elementor-36\">\n\t\t\t\t\t\t<section class=\"elementor-section elementor-top-section elementor-element elementor-element-3a238e8 elementor-section-boxed elementor-section-height-default elementor-section-height-default\" data-id=\"3a238e8\" data-element_type=\"section\">\n\t\t\t\t\t\t<div class=\"elementor-container elementor-column-gap-default\">\n\t\t\t\t\t<div class=\"elementor-column elementor-col-100 elementor-top-column elementor-element elementor-element-9e9b87d\" data-id=\"9e9b87d\" data-element_type=\"column\">\n\t\t\t<div class=\"elementor-widget-wrap elementor-element-populated\">\n\t\t\t\t\t\t<div class=\"elementor-element elementor-element-7214a1a elementor-widget elementor-widget-heading\" data-id=\"7214a1a\" data-element_type=\"widget\" data-widget_type=\"heading.default\">\n\t\t\t\t<div class=\"elementor-widget-container\">\n\t\t\t\t\t<h2 class=\"elementor-heading-title elementor-size-default\">Hundehalsb\u00e4nder\n\n<\/h2>\t\t\t\t<\/div>\n\t\t\t\t<\/div>\n\t\t\t\t<div class=\"elementor-element elementor-element-62d5512 elementor-widget elementor-widget-text-editor\" data-id=\"62d5512\" data-element_type=\"widget\" data-widget_type=\"text-editor.default\">\n\t\t\t\t<div class=\"elementor-widget-container\">\n\t\t\t\t\t\t\t\t\t<div><strong><a href=\"http:\/\/marydesign.de\/?page_id=62\">Alle zur Verf\u00fcgung stehenden Farben k\u00f6nnen Sie hier einsehen!<\/a><\/strong><\/div><div><strong><a href=\"http:\/\/marydesign.de\/?page_id=66\">Sie m\u00f6chten bestellen? Schreiben Sie mir eine E-Mail!<\/a><\/strong><\/div>\t\t\t\t\t\t\t\t<\/div>\n\t\t\t\t<\/div>\n\t\t\t\t\t<\/div>\n\t\t<\/div>\n\t\t\t\t\t<\/div>\n\t\t<\/section>\n\t\t\t\t<section class=\"elementor-section elementor-top-section elementor-element elementor-element-92b624f elementor-section-boxed elementor-section-height-default elementor-section-height-default\" data-id=\"92b624f\" data-element_type=\"section\">\n\t\t\t\t\t\t<div class=\"elementor-container elementor-column-gap-default\">\n\t\t\t\t\t<div class=\"elementor-column elementor-col-50 elementor-top-column elementor-element elementor-element-88ce76d\" data-id=\"88ce76d\" data-element_type=\"column\">\n\t\t\t<div class=\"elementor-widget-wrap elementor-element-populated\">\n\t\t\t\t\t\t<div class=\"elementor-element elementor-element-4033256 elementor-widget elementor-widget-image\" data-id=\"4033256\" data-element_type=\"widget\" data-widget_type=\"image.default\">\n\t\t\t\t<div class=\"elementor-widget-container\">\n\t\t\t\t\t\t\t\t\t\t\t\t\t\t\t<img fetchpriority=\"high\" decoding=\"async\" width=\"768\" height=\"1024\" src=\"https:\/\/marydesign.de\/wp-content\/uploads\/2020\/04\/Hundehalsband2-768x1024.jpg\" class=\"attachment-medium_large size-medium_large wp-image-199\" alt=\"\" srcset=\"https:\/\/marydesign.de\/wp-content\/uploads\/2020\/04\/Hundehalsband2-768x1024.jpg 768w, https:\/\/marydesign.de\/wp-content\/uploads\/2020\/04\/Hundehalsband2-225x300.jpg 225w, https:\/\/marydesign.de\/wp-content\/uploads\/2020\/04\/Hundehalsband2-1152x1536.jpg 1152w, https:\/\/marydesign.de\/wp-content\/uploads\/2020\/04\/Hundehalsband2.jpg 1200w\" sizes=\"(max-width: 768px) 100vw, 768px\" \/>\t\t\t\t\t\t\t\t\t\t\t\t\t\t\t<\/div>\n\t\t\t\t<\/div>\n\t\t\t\t\t<\/div>\n\t\t<\/div>\n\t\t\t\t<div class=\"elementor-column elementor-col-50 elementor-top-column elementor-element elementor-element-2fc9aa6\" data-id=\"2fc9aa6\" data-element_type=\"column\">\n\t\t\t<div class=\"elementor-widget-wrap elementor-element-populated\">\n\t\t\t\t\t\t<div class=\"elementor-element elementor-element-bf6d403 elementor-widget elementor-widget-image\" data-id=\"bf6d403\" data-element_type=\"widget\" data-widget_type=\"image.default\">\n\t\t\t\t<div class=\"elementor-widget-container\">\n\t\t\t\t\t\t\t\t\t\t\t\t\t\t\t<img decoding=\"async\" width=\"1024\" height=\"768\" src=\"https:\/\/marydesign.de\/wp-content\/uploads\/2020\/04\/Hundehalsband1-1024x768.jpg\" class=\"attachment-large size-large wp-image-198\" alt=\"\" srcset=\"https:\/\/marydesign.de\/wp-content\/uploads\/2020\/04\/Hundehalsband1-1024x768.jpg 1024w, https:\/\/marydesign.de\/wp-content\/uploads\/2020\/04\/Hundehalsband1-300x225.jpg 300w, https:\/\/marydesign.de\/wp-content\/uploads\/2020\/04\/Hundehalsband1-768x576.jpg 768w, https:\/\/marydesign.de\/wp-content\/uploads\/2020\/04\/Hundehalsband1-1536x1152.jpg 1536w, https:\/\/marydesign.de\/wp-content\/uploads\/2020\/04\/Hundehalsband1.jpg 1600w\" sizes=\"(max-width: 1024px) 100vw, 1024px\" \/>\t\t\t\t\t\t\t\t\t\t\t\t\t\t\t<\/div>\n\t\t\t\t<\/div>\n\t\t\t\t\t<\/div>\n\t\t<\/div>\n\t\t\t\t\t<\/div>\n\t\t<\/section>\n\t\t\t\t<\/div>\n\t\t","protected":false},"excerpt":{"rendered":"<p>Hundehalsb\u00e4nder Alle zur Verf\u00fcgung stehenden Farben k\u00f6nnen Sie hier einsehen!Sie m\u00f6chten bestellen? Schreiben Sie mir eine E-Mail!<\/p>\n","protected":false},"author":1,"featured_media":0,"parent":18,"menu_order":0,"comment_status":"closed","ping_status":"closed","template":"","meta":{"footnotes":""},"class_list":["post-36","page","type-page","status-publish","hentry","entry"],"_links":{"self":[{"href":"https:\/\/marydesign.de\/index.php?rest_route=\/wp\/v2\/pages\/36","targetHints":{"allow":["GET"]}}],"collection":[{"href":"https:\/\/marydesign.de\/index.php?rest_route=\/wp\/v2\/pages"}],"about":[{"href":"https:\/\/marydesign.de\/index.php?rest_route=\/wp\/v2\/types\/page"}],"author":[{"embeddable":true,"href":"https:\/\/marydesign.de\/index.php?rest_route=\/wp\/v2\/users\/1"}],"replies":[{"embeddable":true,"href":"https:\/\/marydesign.de\/index.php?rest_route=%2Fwp%2Fv2%2Fcomments&post=36"}],"version-history":[{"count":5,"href":"https:\/\/marydesign.de\/index.php?rest_route=\/wp\/v2\/pages\/36\/revisions"}],"predecessor-version":[{"id":272,"href":"https:\/\/marydesign.de\/index.php?rest_route=\/wp\/v2\/pages\/36\/revisions\/272"}],"up":[{"embeddable":true,"href":"https:\/\/marydesign.de\/index.php?rest_route=\/wp\/v2\/pages\/18"}],"wp:attachment":[{"href":"https:\/\/marydesign.de\/index.php?rest_route=%2Fwp%2Fv2%2Fmedia&parent=36"}],"curies":[{"name":"wp","href":"https:\/\/api.w.org\/{rel}","templated":true}]}}