{"id":38,"date":"2020-04-14T11:16:38","date_gmt":"2020-04-14T11:16:38","guid":{"rendered":"http:\/\/marydesign.de\/?page_id=38"},"modified":"2020-04-14T16:03:47","modified_gmt":"2020-04-14T16:03:47","slug":"diverse-lederarbeiten","status":"publish","type":"page","link":"https:\/\/marydesign.de\/?page_id=38","title":{"rendered":"Diverse Lederarbeiten"},"content":{"rendered":"\t\t<div data-elementor-type=\"wp-page\" data-elementor-id=\"38\" class=\"elementor elementor-38\">\n\t\t\t\t\t\t<section class=\"elementor-section elementor-top-section elementor-element elementor-element-a9c0022 elementor-section-boxed elementor-section-height-default elementor-section-height-default\" data-id=\"a9c0022\" data-element_type=\"section\">\n\t\t\t\t\t\t<div class=\"elementor-container elementor-column-gap-default\">\n\t\t\t\t\t<div class=\"elementor-column elementor-col-100 elementor-top-column elementor-element elementor-element-2b3b84e\" data-id=\"2b3b84e\" data-element_type=\"column\">\n\t\t\t<div class=\"elementor-widget-wrap elementor-element-populated\">\n\t\t\t\t\t\t<div class=\"elementor-element elementor-element-30754a8 elementor-widget elementor-widget-text-editor\" data-id=\"30754a8\" data-element_type=\"widget\" data-widget_type=\"text-editor.default\">\n\t\t\t\t<div class=\"elementor-widget-container\">\n\t\t\t\t\t\t\t\t\t<p>Lenkr\u00e4der, M\u00fctzen, &#8230;<\/p><p>Haben Sie W\u00fcnsche?<\/p><p>Bitte fragen Sie f\u00fcr diverse Lederarbeiten bei mir an!<br \/>Meine N\u00e4hmaschine n\u00e4ht bis 1cm dickes Leder<\/p>\t\t\t\t\t\t\t\t<\/div>\n\t\t\t\t<\/div>\n\t\t\t\t\t<\/div>\n\t\t<\/div>\n\t\t\t\t\t<\/div>\n\t\t<\/section>\n\t\t\t\t<\/div>\n\t\t","protected":false},"excerpt":{"rendered":"<p>Lenkr\u00e4der, M\u00fctzen, &#8230; Haben Sie W\u00fcnsche? Bitte fragen Sie f\u00fcr diverse Lederarbeiten bei mir an!Meine N\u00e4hmaschine n\u00e4ht bis 1cm dickes Leder<\/p>\n","protected":false},"author":1,"featured_media":0,"parent":18,"menu_order":0,"comment_status":"closed","ping_status":"closed","template":"","meta":{"footnotes":""},"class_list":["post-38","page","type-page","status-publish","hentry","entry"],"_links":{"self":[{"href":"https:\/\/marydesign.de\/index.php?rest_route=\/wp\/v2\/pages\/38","targetHints":{"allow":["GET"]}}],"collection":[{"href":"https:\/\/marydesign.de\/index.php?rest_route=\/wp\/v2\/pages"}],"about":[{"href":"https:\/\/marydesign.de\/index.php?rest_route=\/wp\/v2\/types\/page"}],"author":[{"embeddable":true,"href":"https:\/\/marydesign.de\/index.php?rest_route=\/wp\/v2\/users\/1"}],"replies":[{"embeddable":true,"href":"https:\/\/marydesign.de\/index.php?rest_route=%2Fwp%2Fv2%2Fcomments&post=38"}],"version-history":[{"count":2,"href":"https:\/\/marydesign.de\/index.php?rest_route=\/wp\/v2\/pages\/38\/revisions"}],"predecessor-version":[{"id":202,"href":"https:\/\/marydesign.de\/index.php?rest_route=\/wp\/v2\/pages\/38\/revisions\/202"}],"up":[{"embeddable":true,"href":"https:\/\/marydesign.de\/index.php?rest_route=\/wp\/v2\/pages\/18"}],"wp:attachment":[{"href":"https:\/\/marydesign.de\/index.php?rest_route=%2Fwp%2Fv2%2Fmedia&parent=38"}],"curies":[{"name":"wp","href":"https:\/\/api.w.org\/{rel}","templated":true}]}}