{"id":5,"date":"2020-04-14T11:00:39","date_gmt":"2020-04-14T11:00:39","guid":{"rendered":"http:\/\/marydesign.de\/?page_id=5"},"modified":"2020-04-27T14:28:37","modified_gmt":"2020-04-27T14:28:37","slug":"home","status":"publish","type":"page","link":"https:\/\/marydesign.de\/","title":{"rendered":"Home"},"content":{"rendered":"\t\t<div data-elementor-type=\"wp-page\" data-elementor-id=\"5\" class=\"elementor elementor-5\">\n\t\t\t\t\t\t<section class=\"elementor-section elementor-top-section elementor-element elementor-element-e29e0f3 elementor-section-boxed elementor-section-height-default elementor-section-height-default\" data-id=\"e29e0f3\" data-element_type=\"section\">\n\t\t\t\t\t\t<div class=\"elementor-container elementor-column-gap-default\">\n\t\t\t\t\t<div class=\"elementor-column elementor-col-100 elementor-top-column elementor-element elementor-element-d80d1a5\" data-id=\"d80d1a5\" data-element_type=\"column\">\n\t\t\t<div class=\"elementor-widget-wrap elementor-element-populated\">\n\t\t\t\t\t\t<div class=\"elementor-element elementor-element-0e0ce06 elementor-widget elementor-widget-image\" data-id=\"0e0ce06\" data-element_type=\"widget\" data-widget_type=\"image.default\">\n\t\t\t\t<div class=\"elementor-widget-container\">\n\t\t\t\t\t\t\t\t\t\t\t\t\t\t\t<img fetchpriority=\"high\" decoding=\"async\" width=\"1000\" height=\"218\" src=\"https:\/\/marydesign.de\/wp-content\/uploads\/2020\/04\/header-s.jpg\" class=\"attachment-full size-full wp-image-8\" alt=\"\" srcset=\"https:\/\/marydesign.de\/wp-content\/uploads\/2020\/04\/header-s.jpg 1000w, https:\/\/marydesign.de\/wp-content\/uploads\/2020\/04\/header-s-300x65.jpg 300w, https:\/\/marydesign.de\/wp-content\/uploads\/2020\/04\/header-s-768x167.jpg 768w\" sizes=\"(max-width: 1000px) 100vw, 1000px\" \/>\t\t\t\t\t\t\t\t\t\t\t\t\t\t\t<\/div>\n\t\t\t\t<\/div>\n\t\t\t\t\t<\/div>\n\t\t<\/div>\n\t\t\t\t\t<\/div>\n\t\t<\/section>\n\t\t\t\t<section class=\"elementor-section elementor-top-section elementor-element elementor-element-c0a4a3b elementor-section-boxed elementor-section-height-default elementor-section-height-default\" data-id=\"c0a4a3b\" data-element_type=\"section\">\n\t\t\t\t\t\t<div class=\"elementor-container elementor-column-gap-default\">\n\t\t\t\t\t<div class=\"elementor-column elementor-col-100 elementor-top-column elementor-element elementor-element-0cd2933\" data-id=\"0cd2933\" data-element_type=\"column\">\n\t\t\t<div class=\"elementor-widget-wrap elementor-element-populated\">\n\t\t\t\t\t\t<div class=\"elementor-element elementor-element-34dfc9f elementor-widget elementor-widget-heading\" data-id=\"34dfc9f\" data-element_type=\"widget\" data-widget_type=\"heading.default\">\n\t\t\t\t<div class=\"elementor-widget-container\">\n\t\t\t\t\t<h2 class=\"elementor-heading-title elementor-size-default\">Mary-Design - Taschen, Polsterm\u00f6bel und mehr!<\/h2>\t\t\t\t<\/div>\n\t\t\t\t<\/div>\n\t\t\t\t\t<\/div>\n\t\t<\/div>\n\t\t\t\t\t<\/div>\n\t\t<\/section>\n\t\t\t\t<section class=\"elementor-section elementor-top-section elementor-element elementor-element-9c70814 elementor-section-boxed elementor-section-height-default elementor-section-height-default\" data-id=\"9c70814\" data-element_type=\"section\">\n\t\t\t\t\t\t<div class=\"elementor-container elementor-column-gap-default\">\n\t\t\t\t\t<div class=\"elementor-column elementor-col-100 elementor-top-column elementor-element elementor-element-9d00a66\" data-id=\"9d00a66\" data-element_type=\"column\">\n\t\t\t<div class=\"elementor-widget-wrap elementor-element-populated\">\n\t\t\t\t\t\t<div class=\"elementor-element elementor-element-b783616 elementor-widget elementor-widget-text-editor\" data-id=\"b783616\" data-element_type=\"widget\" data-widget_type=\"text-editor.default\">\n\t\t\t\t<div class=\"elementor-widget-container\">\n\t\t\t\t\t\t\t\t\t<p>Herzlich Willkommen auf Mary-Design.de<br \/><span style=\"font-size: 14px;\">Auf dieser Website findest du Informationen \u00fcber meine Taschen, \u00fcber Boots- und Autopolster und vieles mehr.<\/span><\/p><p><a href=\"https:\/\/marydesign.de\/?page_id=294\"><b style=\"color: #ff0000;\">Jetzt in der Corona-Zeit ganz neu ins Programm aufgenommen: <\/b><span style=\"color: #ff0000;\"><b>Mund- und Nasenmasken<\/b><\/span><b style=\"color: #ff0000;\">\u00a0(F\u00fcr Erwachsene, Kinder und f\u00fcr Firmen)<\/b><\/a><\/p>\t\t\t\t\t\t\t\t<\/div>\n\t\t\t\t<\/div>\n\t\t\t\t\t<\/div>\n\t\t<\/div>\n\t\t\t\t\t<\/div>\n\t\t<\/section>\n\t\t\t\t<section class=\"elementor-section elementor-top-section elementor-element elementor-element-66bd189 elementor-section-boxed elementor-section-height-default elementor-section-height-default\" data-id=\"66bd189\" data-element_type=\"section\">\n\t\t\t\t\t\t<div class=\"elementor-container elementor-column-gap-default\">\n\t\t\t\t\t<div class=\"elementor-column elementor-col-100 elementor-top-column elementor-element elementor-element-9755628\" data-id=\"9755628\" data-element_type=\"column\">\n\t\t\t<div class=\"elementor-widget-wrap elementor-element-populated\">\n\t\t\t\t\t\t<div class=\"elementor-element elementor-element-92e026c elementor-widget elementor-widget-image\" data-id=\"92e026c\" data-element_type=\"widget\" data-widget_type=\"image.default\">\n\t\t\t\t<div class=\"elementor-widget-container\">\n\t\t\t\t\t\t\t\t\t\t\t\t\t\t\t<img decoding=\"async\" width=\"300\" height=\"190\" src=\"https:\/\/marydesign.de\/wp-content\/uploads\/2020\/04\/Visitenkarte_R\u00fcckseite-300x190.jpg\" class=\"attachment-medium size-medium wp-image-9\" alt=\"\" srcset=\"https:\/\/marydesign.de\/wp-content\/uploads\/2020\/04\/Visitenkarte_R\u00fcckseite-300x190.jpg 300w, https:\/\/marydesign.de\/wp-content\/uploads\/2020\/04\/Visitenkarte_R\u00fcckseite-1024x648.jpg 1024w, https:\/\/marydesign.de\/wp-content\/uploads\/2020\/04\/Visitenkarte_R\u00fcckseite-768x486.jpg 768w, https:\/\/marydesign.de\/wp-content\/uploads\/2020\/04\/Visitenkarte_R\u00fcckseite.jpg 1132w\" sizes=\"(max-width: 300px) 100vw, 300px\" \/>\t\t\t\t\t\t\t\t\t\t\t\t\t\t\t<\/div>\n\t\t\t\t<\/div>\n\t\t\t\t\t<\/div>\n\t\t<\/div>\n\t\t\t\t\t<\/div>\n\t\t<\/section>\n\t\t\t\t<\/div>\n\t\t","protected":false},"excerpt":{"rendered":"<p>Mary-Design &#8211; Taschen, Polsterm\u00f6bel und mehr! Herzlich Willkommen auf Mary-Design.deAuf dieser Website findest du Informationen \u00fcber meine Taschen, \u00fcber Boots- und Autopolster und vieles mehr. Jetzt in der Corona-Zeit ganz neu ins Programm aufgenommen: Mund- und Nasenmasken\u00a0(F\u00fcr Erwachsene, Kinder und f\u00fcr Firmen)<\/p>\n","protected":false},"author":1,"featured_media":0,"parent":0,"menu_order":0,"comment_status":"closed","ping_status":"closed","template":"","meta":{"footnotes":""},"class_list":["post-5","page","type-page","status-publish","hentry","entry"],"_links":{"self":[{"href":"https:\/\/marydesign.de\/index.php?rest_route=\/wp\/v2\/pages\/5","targetHints":{"allow":["GET"]}}],"collection":[{"href":"https:\/\/marydesign.de\/index.php?rest_route=\/wp\/v2\/pages"}],"about":[{"href":"https:\/\/marydesign.de\/index.php?rest_route=\/wp\/v2\/types\/page"}],"author":[{"embeddable":true,"href":"https:\/\/marydesign.de\/index.php?rest_route=\/wp\/v2\/users\/1"}],"replies":[{"embeddable":true,"href":"https:\/\/marydesign.de\/index.php?rest_route=%2Fwp%2Fv2%2Fcomments&post=5"}],"version-history":[{"count":10,"href":"https:\/\/marydesign.de\/index.php?rest_route=\/wp\/v2\/pages\/5\/revisions"}],"predecessor-version":[{"id":318,"href":"https:\/\/marydesign.de\/index.php?rest_route=\/wp\/v2\/pages\/5\/revisions\/318"}],"wp:attachment":[{"href":"https:\/\/marydesign.de\/index.php?rest_route=%2Fwp%2Fv2%2Fmedia&parent=5"}],"curies":[{"name":"wp","href":"https:\/\/api.w.org\/{rel}","templated":true}]}}