{"id":62,"date":"2020-04-14T11:29:24","date_gmt":"2020-04-14T11:29:24","guid":{"rendered":"http:\/\/marydesign.de\/?page_id=62"},"modified":"2020-04-14T18:18:38","modified_gmt":"2020-04-14T18:18:38","slug":"farben","status":"publish","type":"page","link":"https:\/\/marydesign.de\/?page_id=62","title":{"rendered":"Farben"},"content":{"rendered":"\t\t<div data-elementor-type=\"wp-page\" data-elementor-id=\"62\" class=\"elementor elementor-62\">\n\t\t\t\t\t\t<section class=\"elementor-section elementor-top-section elementor-element elementor-element-9405ada elementor-section-boxed elementor-section-height-default elementor-section-height-default\" data-id=\"9405ada\" data-element_type=\"section\">\n\t\t\t\t\t\t<div class=\"elementor-container elementor-column-gap-default\">\n\t\t\t\t\t<div class=\"elementor-column elementor-col-100 elementor-top-column elementor-element elementor-element-4201286\" data-id=\"4201286\" data-element_type=\"column\">\n\t\t\t<div class=\"elementor-widget-wrap elementor-element-populated\">\n\t\t\t\t\t\t<div class=\"elementor-element elementor-element-977d3a8 elementor-widget elementor-widget-text-editor\" data-id=\"977d3a8\" data-element_type=\"widget\" data-widget_type=\"text-editor.default\">\n\t\t\t\t<div class=\"elementor-widget-container\">\n\t\t\t\t\t\t\t\t\t<p>Hier k\u00f6nnen Sie die zur Verf\u00fcgung stehenden Farben f\u00fcr das Kunstleder und die Rei\u00dfverschl\u00fcsse einsehen.<\/p>\t\t\t\t\t\t\t\t<\/div>\n\t\t\t\t<\/div>\n\t\t\t\t\t<\/div>\n\t\t<\/div>\n\t\t\t\t\t<\/div>\n\t\t<\/section>\n\t\t\t\t<section class=\"elementor-section elementor-top-section elementor-element elementor-element-351291c elementor-section-boxed elementor-section-height-default elementor-section-height-default\" data-id=\"351291c\" data-element_type=\"section\">\n\t\t\t\t\t\t<div class=\"elementor-container elementor-column-gap-default\">\n\t\t\t\t\t<div class=\"elementor-column elementor-col-50 elementor-top-column elementor-element elementor-element-62d10b8\" data-id=\"62d10b8\" data-element_type=\"column\">\n\t\t\t<div class=\"elementor-widget-wrap elementor-element-populated\">\n\t\t\t\t\t\t<div class=\"elementor-element elementor-element-e51e091 elementor-widget elementor-widget-heading\" data-id=\"e51e091\" data-element_type=\"widget\" data-widget_type=\"heading.default\">\n\t\t\t\t<div class=\"elementor-widget-container\">\n\t\t\t\t\t<h2 class=\"elementor-heading-title elementor-size-default\">Kunstlederfarben<\/h2>\t\t\t\t<\/div>\n\t\t\t\t<\/div>\n\t\t\t\t<div class=\"elementor-element elementor-element-6853360 elementor-widget elementor-widget-image\" data-id=\"6853360\" data-element_type=\"widget\" data-widget_type=\"image.default\">\n\t\t\t\t<div class=\"elementor-widget-container\">\n\t\t\t\t\t\t\t\t\t\t\t\t\t\t\t<img fetchpriority=\"high\" decoding=\"async\" width=\"367\" height=\"1024\" src=\"https:\/\/marydesign.de\/wp-content\/uploads\/2020\/04\/stofffarben-367x1024.jpg\" class=\"attachment-large size-large wp-image-252\" alt=\"\" srcset=\"https:\/\/marydesign.de\/wp-content\/uploads\/2020\/04\/stofffarben-367x1024.jpg 367w, https:\/\/marydesign.de\/wp-content\/uploads\/2020\/04\/stofffarben-107x300.jpg 107w, https:\/\/marydesign.de\/wp-content\/uploads\/2020\/04\/stofffarben-768x2145.jpg 768w, https:\/\/marydesign.de\/wp-content\/uploads\/2020\/04\/stofffarben-550x1536.jpg 550w, https:\/\/marydesign.de\/wp-content\/uploads\/2020\/04\/stofffarben-733x2048.jpg 733w\" sizes=\"(max-width: 367px) 100vw, 367px\" \/>\t\t\t\t\t\t\t\t\t\t\t\t\t\t\t<\/div>\n\t\t\t\t<\/div>\n\t\t\t\t\t<\/div>\n\t\t<\/div>\n\t\t\t\t<div class=\"elementor-column elementor-col-50 elementor-top-column elementor-element elementor-element-0a8a66b\" data-id=\"0a8a66b\" data-element_type=\"column\">\n\t\t\t<div class=\"elementor-widget-wrap elementor-element-populated\">\n\t\t\t\t\t\t<div class=\"elementor-element elementor-element-699bcda elementor-widget elementor-widget-heading\" data-id=\"699bcda\" data-element_type=\"widget\" data-widget_type=\"heading.default\">\n\t\t\t\t<div class=\"elementor-widget-container\">\n\t\t\t\t\t<h2 class=\"elementor-heading-title elementor-size-default\">Rei\u00dfverschlussfarben<\/h2>\t\t\t\t<\/div>\n\t\t\t\t<\/div>\n\t\t\t\t<div class=\"elementor-element elementor-element-e28f60d elementor-widget elementor-widget-image\" data-id=\"e28f60d\" data-element_type=\"widget\" data-widget_type=\"image.default\">\n\t\t\t\t<div class=\"elementor-widget-container\">\n\t\t\t\t\t\t\t\t\t\t\t\t\t\t\t<img decoding=\"async\" width=\"871\" height=\"1024\" src=\"https:\/\/marydesign.de\/wp-content\/uploads\/2020\/04\/rei\u00dfverschlussfarben-871x1024.jpg\" class=\"attachment-large size-large wp-image-251\" alt=\"\" srcset=\"https:\/\/marydesign.de\/wp-content\/uploads\/2020\/04\/rei\u00dfverschlussfarben-871x1024.jpg 871w, https:\/\/marydesign.de\/wp-content\/uploads\/2020\/04\/rei\u00dfverschlussfarben-255x300.jpg 255w, https:\/\/marydesign.de\/wp-content\/uploads\/2020\/04\/rei\u00dfverschlussfarben-768x903.jpg 768w, https:\/\/marydesign.de\/wp-content\/uploads\/2020\/04\/rei\u00dfverschlussfarben-1307x1536.jpg 1307w, https:\/\/marydesign.de\/wp-content\/uploads\/2020\/04\/rei\u00dfverschlussfarben-1742x2048.jpg 1742w\" sizes=\"(max-width: 871px) 100vw, 871px\" \/>\t\t\t\t\t\t\t\t\t\t\t\t\t\t\t<\/div>\n\t\t\t\t<\/div>\n\t\t\t\t\t<\/div>\n\t\t<\/div>\n\t\t\t\t\t<\/div>\n\t\t<\/section>\n\t\t\t\t<\/div>\n\t\t","protected":false},"excerpt":{"rendered":"<p>Hier k\u00f6nnen Sie die zur Verf\u00fcgung stehenden Farben f\u00fcr das Kunstleder und die Rei\u00dfverschl\u00fcsse einsehen. Kunstlederfarben Rei\u00dfverschlussfarben<\/p>\n","protected":false},"author":1,"featured_media":0,"parent":0,"menu_order":0,"comment_status":"closed","ping_status":"closed","template":"","meta":{"footnotes":""},"class_list":["post-62","page","type-page","status-publish","hentry","entry"],"_links":{"self":[{"href":"https:\/\/marydesign.de\/index.php?rest_route=\/wp\/v2\/pages\/62","targetHints":{"allow":["GET"]}}],"collection":[{"href":"https:\/\/marydesign.de\/index.php?rest_route=\/wp\/v2\/pages"}],"about":[{"href":"https:\/\/marydesign.de\/index.php?rest_route=\/wp\/v2\/types\/page"}],"author":[{"embeddable":true,"href":"https:\/\/marydesign.de\/index.php?rest_route=\/wp\/v2\/users\/1"}],"replies":[{"embeddable":true,"href":"https:\/\/marydesign.de\/index.php?rest_route=%2Fwp%2Fv2%2Fcomments&post=62"}],"version-history":[{"count":2,"href":"https:\/\/marydesign.de\/index.php?rest_route=\/wp\/v2\/pages\/62\/revisions"}],"predecessor-version":[{"id":253,"href":"https:\/\/marydesign.de\/index.php?rest_route=\/wp\/v2\/pages\/62\/revisions\/253"}],"wp:attachment":[{"href":"https:\/\/marydesign.de\/index.php?rest_route=%2Fwp%2Fv2%2Fmedia&parent=62"}],"curies":[{"name":"wp","href":"https:\/\/api.w.org\/{rel}","templated":true}]}}